{"id":3207,"date":"2023-06-26T11:58:15","date_gmt":"2023-06-26T08:58:15","guid":{"rendered":"https:\/\/keepmeintouch.io\/?page_id=3207"},"modified":"2023-06-26T12:23:05","modified_gmt":"2023-06-26T09:23:05","slug":"cerez-politikasi","status":"publish","type":"page","link":"https:\/\/keepmeintouch.io\/tr\/cerez-politikasi\/","title":{"rendered":"\u00c7erez Politikas\u0131"},"content":{"rendered":"\n<div class=\"term-of-use\">\n            <div class=\"term-of-use-blur-left\">\n                <picture>\n                    <img src=\"https:\/\/keepmeintouch.io\/wp-content\/uploads\/2023\/01\/term-of-use-blur-left.png\" alt=\"Term of Use Blur Left\">\n                <\/picture>\n            <\/div>\n            <div class=\"container\">\n                \n\n<h1>\u00c7erez Politikas\u0131<\/h1>\n    <p>\n      Intouch Teknoloji A.\u015e. (\u201c\u015eirket\u201d) ziyaret\u00e7i ve kullan\u0131c\u0131 bilgilerine\n      ili\u015fkin gizlilik ve g\u00fcvenli\u011fi \u00f6n planda tutarak, ziyaret\u00e7i ve\n      kullan\u0131c\u0131lara elektronik ortamda \u00e7e\u015fitli hizmetler sunmaktad\u0131r. Bu\n      elektronik ortamlar intouch isimli mobil uygulama ve kontrol paneli olan\n      web uygulamas\u0131 vas\u0131tas\u0131yla yap\u0131lan her t\u00fcrl\u00fc hizmete uzaktan eri\u015fimi\n      kapsar. \u015eirket, kullan\u0131c\u0131lar\u0131na dair edinmi\u015f oldu\u011fu bilgilerin\n      gizlili\u011fini, ki\u015filik haklar\u0131na sayg\u0131l\u0131 bir \u015fekilde ve bu \u201c\u00c7erez\n      Politikas\u0131\u201d \u00e7er\u00e7evesinde korumay\u0131 taahh\u00fct eder.\n    <\/p>\n\n    <h4>\u00c7erez Nedir?<\/h4>\n\n    <p>\n      Tarama deneyiminizi geli\u015ftirmek i\u00e7in web sitemize k\u00fc\u00e7\u00fck veri dosyalar\u0131\n      y\u00fcklenmi\u015ftir. Bunlara &#8220;\u00e7erez&#8221; ya da di\u011fer ismi ile \u201ccookie\u201d denir ve\n      \u00f6zellikle gezinmeniz i\u00e7in gerekli teknik \u00e7erezlerdir. Ayr\u0131ca, web sitemiz\n      sosyal medya ve arama motoru \u00e7erezleri d\u00e2hil -ancak bunlarla s\u0131n\u0131rl\u0131\n      olmamak kayd\u0131yla- \u00fc\u00e7\u00fcnc\u00fc taraf \u00e7erezlerini de kullanabilir. \u00c7erezler,\n      kullan\u0131c\u0131 taraf\u0131ndan ziyaret edilen web sitesinin terminaline (PC, ak\u0131ll\u0131\n      telefon, tablet, diz\u00fcst\u00fc bilgisayar) genellikle taray\u0131c\u0131 arac\u0131l\u0131\u011f\u0131yla\n      g\u00f6nderilen k\u00fc\u00e7\u00fck metin dosyalar\u0131d\u0131r.\n    <\/p>\n    <p>\n      Web sitemizde gezinme s\u0131ras\u0131nda kullan\u0131c\u0131 ayr\u0131ca farkl\u0131 sitelerden veya\n      web sunucular\u0131ndan da (&#8220;\u00fc\u00e7\u00fcnc\u00fc taraf&#8221; \u00e7erezleri) \u00e7erez alabilir; bunun\n      nedeni, ziyaret edilen web sitesindeki g\u00f6r\u00fcnt\u00fclerin, haritalar\u0131n, seslerin\n      istenen sayfan\u0131n bulundu\u011fu sunucu d\u0131\u015f\u0131ndaki sunucularda bulunmas\u0131 ya da\n      web sayfalar\u0131na \u00f6zel ba\u011flant\u0131lar\u0131n bulunmas\u0131 olabilir. \u00dc\u00e7\u00fcnc\u00fc taraf\n      \u00e7erezleri, o anda ziyaret etti\u011finiz web sitesi d\u0131\u015f\u0131nda bir web sitesi\n      taraf\u0131ndan ayarlanan \u00e7erezlerdir.\n    <\/p>\n    <p>\n      \u00c7erezler, sunucuya eri\u015fen kullan\u0131c\u0131larla ilgili bilgisayar kimlik\n      do\u011frulamas\u0131, oturum izleme ve belirli bilgilerin saklanmas\u0131 i\u00e7in\n      kullan\u0131l\u0131r ve genellikle her kullan\u0131c\u0131n\u0131n taray\u0131c\u0131s\u0131nda \u00e7ok say\u0131da\n      bulunur.\n    <\/p>\n    <p>\n      Baz\u0131 i\u015flemler \u00e7erez kullan\u0131lmadan ger\u00e7ekle\u015ftirilemez, kullan\u0131c\u0131n\u0131n oturum\n      s\u0131ras\u0131nda tan\u0131mlanmas\u0131na hizmet eden \u00e7erezlerin varl\u0131\u011f\u0131 olmadan bu\n      i\u015flemlerin y\u00fcr\u00fct\u00fclmesi \u00e7ok daha karma\u015f\u0131k ve daha az g\u00fcvenli olacakt\u0131r.\n    <\/p>\n    <p>\n      \u00c7erezler sistemde uzun s\u00fcre kalabilir ve ayr\u0131ca benzersiz bir tan\u0131mlama\n      kodu i\u00e7erebilir. Bu onlar\u0131 kullanan web sitelerinin, istatistiksel veya\n      reklamc\u0131l\u0131k amac\u0131yla web sitesinin kendi i\u00e7indeki kullan\u0131c\u0131 gezinmesini\n      izlemek i\u00e7in, kullan\u0131c\u0131n\u0131n ziyaret etti\u011fi sayfalardan ba\u015flayarak\n      ki\u015fiselle\u015ftirilmi\u015f bir kullan\u0131c\u0131 profili olu\u015fturmas\u0131na ve ard\u0131ndan hedefli\n      reklam g\u00f6stermesine olanak tan\u0131r.\n    <\/p>\n    <h4>\u00c7erez T\u00fcrleri<\/h4>\n\n    <p>\n      Teknik \u00c7erezler: Bu t\u00fcr \u00e7erezler, web sitesinin baz\u0131 b\u00f6l\u00fcmlerinin do\u011fru\n      \u00e7al\u0131\u015fmas\u0131n\u0131 sa\u011flar. Bunlar iki kategoriden olu\u015fur: kal\u0131c\u0131 \u00e7erezler ve\n      ge\u00e7ici \u00e7erezler.\n    <\/p>\n    <p>\n      Kal\u0131c\u0131: Taray\u0131c\u0131 kapat\u0131ld\u0131ktan sonra yok edilmezler; ancak kullan\u0131c\u0131n\u0131n\n      web sitesini tekrar ziyaret ederken tan\u0131nmas\u0131n\u0131 sa\u011flamak \u00fczere \u00f6nceden\n      belirlenmi\u015f bir son kullanma tarihine kadar kal\u0131rlar.\n    <\/p>\n    <p>\n      Ge\u00e7ici: Platformu ziyaret ettikten sonra ge\u00e7ici olarak PC&#8217;ye veya di\u011fer\n      cihazlara kaydedilir ve taray\u0131c\u0131 her kapat\u0131ld\u0131\u011f\u0131nda imha edilir.\n    <\/p>\n    <p>\n      Bu \u00e7erezler, web sitemizin t\u00fcm \u00f6zelliklerinden yararlanman\u0131z i\u00e7in \u2013teknik\n      bak\u0131mdan- gereklidir, bu nedenle kullan\u0131c\u0131 taray\u0131c\u0131s\u0131ndaki ayarlar\u0131\n      de\u011fi\u015ftirmedi\u011finiz m\u00fcddet\u00e7e bu \u00e7erezler her zaman aktif olacakt\u0131r. Bu\n      ayarlar\u0131 de\u011fi\u015ftirmeniz ise web sitemizin sayfalar\u0131n\u0131n g\u00f6r\u00fcnt\u00fclenmesini\n      etkileyebilir.\n    <\/p>\n    <p>\n      \u00dc\u00e7\u00fcnc\u00fc Taraf Hizmetleri \u0130\u00e7in Analiz \u00c7erezleri: Bu \u00e7erezler, kullan\u0131c\u0131lar\u0131n\n      ziyaret etti\u011fi sayfalar, ya\u015f, cinsiyet ve pazarlama kampanyalar\u0131 i\u00e7in ilgi\n      alanlar\u0131, harcanan zaman, men\u015fe trafi\u011finin k\u00f6kenleri, co\u011frafi k\u00f6ken,\n      t\u0131klama say\u0131s\u0131, i\u00e7erik payla\u015f\u0131m\u0131 say\u0131s\u0131, sevilen sayfalar ve i\u00e7erik gibi\n      web sitesinin anonim olarak kullan\u0131m\u0131 hakk\u0131nda bilgi toplamak i\u00e7in\n      kullan\u0131l\u0131r. Bu \u00e7erezler, yukar\u0131da a\u00e7\u0131kland\u0131\u011f\u0131 gibi sitenin d\u0131\u015f\u0131ndaki\n      \u00fc\u00e7\u00fcnc\u00fc taraf alan adlar\u0131ndan g\u00f6nderilir.\n    <\/p>\n    <p>\n      \u00dc\u00e7\u00fcnc\u00fc Taraf Yaz\u0131l\u0131mlar\u0131n \u00dcr\u00fcnlerini ve \u0130\u015flevlerini Entegre Eden\n      \u00c7erezler:Bu t\u00fcr \u00e7erezler, web sitesi i\u00e7eri\u011fini payla\u015fmak veya \u00fc\u00e7\u00fcnc\u00fc taraf\n      yaz\u0131l\u0131m hizmetlerinin kullan\u0131m\u0131 i\u00e7in (harita olu\u015fturma yaz\u0131l\u0131m\u0131 gibi ek\n      hizmetler sunan yaz\u0131l\u0131mlar) sosyal a\u011flarda ifade edilen simgeler ve\n      tercihler gibi web sitesinin sayfalar\u0131nda \u00fc\u00e7\u00fcnc\u00fc taraflarca geli\u015ftirilen\n      \u00f6zellikleri entegre eder. Bu \u00e7erezler, kullan\u0131c\u0131n\u0131n g\u00f6r\u00fcnt\u00fcledi\u011fi web\n      sitesinden de\u011fil, \u00fc\u00e7\u00fcnc\u00fc taraf alan adlar\u0131ndan g\u00f6nderilir.\n    <\/p>\n    <p>\n      Profil Olu\u015fturma \u00c7erezleri: Bu \u00e7erezler, \u00e7evrimi\u00e7i ve kullan\u0131c\u0131 taraf\u0131ndan\n      belirlenen tercihlere g\u00f6re hedeflenen reklam mesajlar\u0131n\u0131 g\u00f6ndermek\n      amac\u0131yla (do\u011frudan pazarlama etkinli\u011fi amac\u0131yla) kullan\u0131c\u0131 profilleri\n      olu\u015fturmak i\u00e7in gereklidir.\n    <\/p>\n    <p>\n      Hedef\/Reklam \u00c7erezleri:Bu \u00e7erezler, \u00f6zellikle yeniden pazarlama yapmak\n      amac\u0131yla \u00fc\u00e7\u00fcnc\u00fc \u015fah\u0131slara sitemizi ziyaretiniz ile ilgili baz\u0131 bilgileri\n      g\u00f6ndermek amac\u0131yla kullan\u0131lmaktad\u0131r.\n    <\/p>\n    <h4>\u00c7erezleri ne i\u00e7in kullan\u0131yoruz?<\/h4>\n    <p>\n      \u00c7erezleri web sitemizin performans\u0131n\u0131 \u00f6l\u00e7mek, hizmetlerimizi sa\u011flamak ve\n      s\u00fcrd\u00fcrmek i\u00e7in kullan\u0131yoruz.\n    <\/p>\n    <p>\n      Web sitemizi ziyaret etti\u011finizde sizi tan\u0131mak ve taray\u0131c\u0131n\u0131z ve\n      tercihleriniz hakk\u0131ndaki bilgileri hat\u0131rlamak i\u00e7in \u00e7erezler kullan\u0131yoruz.\n      Web sitemizde veya mobil uygulamam\u0131zda oturum a\u00e7t\u0131ysan\u0131z, \u00e7erezler\n      sayesinde size do\u011fru bilgileri g\u00f6sterebilir ve ayarlar\u0131n\u0131za g\u00f6re\n      deneyiminizi ki\u015fiselle\u015ftirebiliriz.\n    <\/p>\n    <p>\n      Kullan\u0131c\u0131lar\u0131m\u0131z\u0131n ve ziyaret\u00e7ilerimizin gizliliklerini korumak amac\u0131yla\n      \u00c7erezlerden yararlan\u0131r\u0131z.\n    <\/p>\n    <p>\n      \u00c7erezler taray\u0131c\u0131n\u0131z taraf\u0131ndan bilgisayar\u0131n\u0131zda ve mobil cihaz\u0131n\u0131zda\n      ge\u00e7ici olarak saklanan k\u00fc\u00e7\u00fck veri birimleri olup web sitemizi daha iyi\n      deneyimlemenizi ve hizmetlerimizden daha iyi yararlanman\u0131z\u0131 sa\u011flamak\n      amac\u0131yla kullan\u0131lmaktad\u0131r.\n    <\/p>\n    <p>\n      Ki\u015fisel ihtiya\u00e7lar\u0131n\u0131za daha uygun olan, ilgi ve ihtiya\u00e7lar\u0131n\u0131za y\u00f6nelik\n      bir hizmet sunabilmek, ziyaret\u00e7ilerimize ve kullan\u0131c\u0131lar\u0131m\u0131za verimli bir\n      ziyaret deneyimi ya\u015fatabilmek ve ki\u015fiselle\u015ftirilmi\u015f web sitesi ve mobil\n      uygulama sunabilmek i\u00e7in \u00c7erezlerden faydalan\u0131yoruz.\n    <\/p>\n    <p>\n      \u00c7erezleri ayr\u0131ca, sitemiz ve mobil uygulamam\u0131z \u00fczerinde gelecekteki\n      hareketlerinizin h\u0131zlanmas\u0131 amac\u0131yla da kullan\u0131yoruz. Bunlara ek olarak\n      \u00e7erezleri, ziyaret\u00e7ilerin sitemizi nas\u0131l kulland\u0131\u011f\u0131n\u0131 anlamak ve sitemizin\n      tasar\u0131m\u0131n\u0131 ve kullan\u0131\u015fl\u0131l\u0131\u011f\u0131n\u0131 geli\u015ftirmek amac\u0131yla, sitemizin kullan\u0131m\u0131\n      hakk\u0131nda istatistiksel bilgiler toplamak amac\u0131yla, reklamlar\u0131m\u0131z\u0131n ve\n      promosyonlar\u0131m\u0131z\u0131n ne kadar etkili oldu\u011funu de\u011ferlendirmek i\u00e7in de\n      kullanabiliriz.\n    <\/p>\n    <h4>\u00c7erezlerin Devre D\u0131\u015f\u0131 B\u0131rak\u0131lmas\u0131<\/h4>\n    <p>\n      Taray\u0131c\u0131y\u0131 Yap\u0131land\u0131rarak \u00c7erezleri Devre D\u0131\u015f\u0131 B\u0131rakma:A\u015fa\u011f\u0131daki linklerde\n      yer alan k\u0131lavuzlarda g\u00f6sterildi\u011fi gibi kullan\u0131lan taray\u0131c\u0131 men\u00fcs\u00fcnden\n      ayarlar\u0131 de\u011fi\u015ftirerek \u00e7erezleri etkinle\u015ftirmek, devre d\u0131\u015f\u0131 b\u0131rakmak,\n      silmek veya engellemek m\u00fcmk\u00fcnd\u00fcr:\n    <\/p>\n    <p>\n      Microsoft Internet Explorer:\n      <a href=\"https:\/\/support.microsoft.com\/en-us\/kb\/278835\/it\"\n        >https:\/\/support.microsoft.com\/en-us\/kb\/278835\/it<\/a\n      >\n    <\/p>\n    <p>\n      Google Chrome:\n      <a href=\"https:\/\/support.google.com\/accounts\/answer\/61416?hl=tr\"\n        >https:\/\/support.google.com\/accounts\/answer\/61416?hl=tr<\/a\n      >\n    <\/p>\n    <p>\n      Mozilla Firefox:\n      <a href=\"https:\/\/support.mozilla.org\/it\/kb\/Eliminare%20i%20cookie\"\n        >https:\/\/support.mozilla.org\/it\/kb\/Eliminare%20i%20cookie<\/a\n      >\n    <\/p>\n    <p>\n      Apple Safari:\n      <a href=\"https:\/\/support.apple.com\/it-it\/HT201265\"\n        >https:\/\/support.apple.com\/it-it\/HT201265<\/a\n      >\n    <\/p>\n    <p>\n      Opera:\n      <a href=\"https:\/\/help.opera.com\/en\/latest\/web-preferences\/\"\n        >https:\/\/help.opera.com\/en\/latest\/web-preferences\/<\/a\n      >https:\/\/help.opera.com\/en\/latest\/web-preferences\/\n    <\/p>\n    <p>\n      Genel olarak \u00e7erezleri devre d\u0131\u015f\u0131 b\u0131rakmak ya da s\u0131n\u0131rland\u0131rmak web\n      sitemizin ve uygulamam\u0131z\u0131n sizin i\u00e7in ki\u015fiselle\u015ftirilmesini engelleyece\u011fi\n      i\u00e7in ziyaret\u00e7i ve kullan\u0131c\u0131 deneyiminizi de olumsuz etkileyebilir. Ayr\u0131ca\n      bu durum, giri\u015f bilgileri gibi \u00f6zelle\u015ftirilmi\u015f ayarlar\u0131 kaydetmenizi de\n      engelleyebilir.\n    <\/p>\n    <h4>\u0130leti\u015fim ve De\u011fi\u015fiklik<\/h4>\n    <p>\n      Bu \u00c7erez Politikas\u0131 veya sunulan hizmetler hakk\u0131nda herhangi bir sorunuz\n      veya \u00f6neriniz varsa, l\u00fctfen bize ula\u015f\u0131n.\n    <\/p>\n    <p>\u015eirket, bu \u00c7erez Politikas\u0131n\u0131 diledi\u011fi zaman de\u011fi\u015ftirebilir.<\/p>\n    <h4>Y\u00fcr\u00fcrl\u00fck<\/h4>\n    <p>\n      <a href=\"https:\/\/keepmeintouch.io\">https:\/\/keepmeintouch.io<\/a> web sitesi\n      ve intouch mobil uygulama kanallar\u0131n\u0131 kullanan her ziyaret\u00e7i ve\n      kullan\u0131c\u0131m\u0131z, yukar\u0131da belirtilen \u015fartlar\u0131 kabul etmi\u015f say\u0131l\u0131r.\n    <\/p>\n                \n                \n            <\/div>        \n            <div class=\"term-of-use-blur-right\">\n                <picture>\n                    <img src=\"https:\/\/keepmeintouch.io\/wp-content\/uploads\/2023\/01\/term-of-use-blur-right.png\" alt=\"Term of Use Blur Right\">\n                <\/picture>\n            <\/div>\n        <\/div>\n","protected":false},"excerpt":{"rendered":"<p>\u00c7erez Politikas\u0131 Intouch Teknoloji A.\u015e. (\u201c\u015eirket\u201d) ziyaret\u00e7i ve kullan\u0131c\u0131 bilgilerine ili\u015fkin gizlilik ve g\u00fcvenli\u011fi \u00f6n planda tutarak, ziyaret\u00e7i ve kullan\u0131c\u0131lara elektronik ortamda \u00e7e\u015fitli hizmetler sunmaktad\u0131r. Bu elektronik ortamlar intouch isimli mobil uygulama ve kontrol paneli olan web uygulamas\u0131 vas\u0131tas\u0131yla yap\u0131lan her t\u00fcrl\u00fc hizmete uzaktan eri\u015fimi kapsar. \u015eirket, kullan\u0131c\u0131lar\u0131na dair edinmi\u015f oldu\u011fu bilgilerin gizlili\u011fini, ki\u015filik haklar\u0131na [&hellip;]<\/p>\n","protected":false},"author":2,"featured_media":0,"parent":0,"menu_order":0,"comment_status":"closed","ping_status":"closed","template":"","meta":{"inline_featured_image":false,"footnotes":""},"class_list":["post-3207","page","type-page","status-publish","hentry"],"_links":{"self":[{"href":"https:\/\/keepmeintouch.io\/tr\/wp-json\/wp\/v2\/pages\/3207","targetHints":{"allow":["GET"]}}],"collection":[{"href":"https:\/\/keepmeintouch.io\/tr\/wp-json\/wp\/v2\/pages"}],"about":[{"href":"https:\/\/keepmeintouch.io\/tr\/wp-json\/wp\/v2\/types\/page"}],"author":[{"embeddable":true,"href":"https:\/\/keepmeintouch.io\/tr\/wp-json\/wp\/v2\/users\/2"}],"replies":[{"embeddable":true,"href":"https:\/\/keepmeintouch.io\/tr\/wp-json\/wp\/v2\/comments?post=3207"}],"version-history":[{"count":2,"href":"https:\/\/keepmeintouch.io\/tr\/wp-json\/wp\/v2\/pages\/3207\/revisions"}],"predecessor-version":[{"id":3209,"href":"https:\/\/keepmeintouch.io\/tr\/wp-json\/wp\/v2\/pages\/3207\/revisions\/3209"}],"wp:attachment":[{"href":"https:\/\/keepmeintouch.io\/tr\/wp-json\/wp\/v2\/media?parent=3207"}],"curies":[{"name":"wp","href":"https:\/\/api.w.org\/{rel}","templated":true}]}}