{"id":3197,"date":"2023-06-26T11:21:40","date_gmt":"2023-06-26T08:21:40","guid":{"rendered":"https:\/\/keepmeintouch.io\/?page_id=3197"},"modified":"2023-06-26T11:29:51","modified_gmt":"2023-06-26T08:29:51","slug":"ekitap","status":"publish","type":"page","link":"https:\/\/keepmeintouch.io\/tr\/kaynaklar\/ekitap\/","title":{"rendered":"E-Kitap"},"content":{"rendered":"\t<section class=\"ebook-hero\">\n\t\t<picture class=\"ebook-hero-blur\">\n\t\t\t<img src=\"https:\/\/keepmeintouch.io\/wp-content\/themes\/intouch\/assets\/images\/common\/ebook-hero-text.png\" alt=\"Intouch Logo\" loading=\"lazy\" \/>\n\t\t<\/picture>\n\t\t<div class=\"container\">\n\t\t\t<div class=\"row\">\n\t\t\t\t<div class=\"col-md-6 innerpage-hero-text\" data-aos=\"fade-right\">\n\t\t\t\t\t<small class=\"dark-purple\">E-K\u0130TAP<\/small>\n\t\t\t\t\t<h1>Sessiz \u0130stifa Nedir, Nas\u0131l \u00d6nlenir?<\/h1>\n\t\t\t\t\t<picture class=\"d-block d-lg-none\">\n\t\t\t\t\t\t<img src=\"http:\/\/keepmeintouch.io\/wp-content\/uploads\/2023\/04\/sessiz-istifa-ekitap.png\" alt=\"E-Book Hero\" loading=\"lazy\" \/>\n\t\t\t\t\t<\/picture>\n\t\t\t\t\t<p>Ara\u015ft\u0131rmalara g\u00f6re, \u00e7al\u0131\u015fanlar\u0131n %60\u2019\u0131ndan fazlas\u0131 sessiz istifa s\u00fcrecinde. Peki bu konuda ne kadar bilgi sahibisiniz? Sessiz istifay\u0131 t\u00fcm y\u00f6nleriyle ele ald\u0131\u011f\u0131m\u0131z e-kitab\u0131m\u0131z\u0131 hemen inceleyin.<\/p>\n\n\t\t\t\t\t\t\t\t\t\t<a href=\"#\" class=\"button button--secondary--dot mx-lg-auto button--icon button--secondary get-in-touch-action\"> <i class=\"icon-long-arrow\"><\/i>Download Now<\/a>\n\n\t\t\t\t\t\t\t\t\t<\/div>\n\t\t\t\t<div class=\"col-md-6 d-none d-lg-block\" data-aos=\"fade-left\">\n\t\t\t\t\t<picture class=\"\">\n\t\t\t\t\t\t<img src=\"http:\/\/keepmeintouch.io\/wp-content\/uploads\/2023\/04\/sessiz-istifa-ekitap.png\" alt=\"Intouch Logo\" loading=\"lazy\" \/>\n\n\t\t\t\t\t<\/picture>\n\t\t\t\t\t<picture class=\"ebook-hero-stain d-none d-lg-block\">\n\t\t\t\t\t\t<img src=\"https:\/\/keepmeintouch.io\/wp-content\/themes\/intouch\/assets\/images\/common\/ebook-hero-stain.png\" alt=\"E-Book Hero\" loading=\"lazy\" \/>\n\n\t\t\t\t\t<\/picture>\n\t\t\t\t<\/div>\n\t\t\t<\/div>\n\t\t<\/div>\n\t<\/section>\n\n\n<div class=\"wp-block-group\"><div class=\"wp-block-group__inner-container\"><section class=\"ebook-inside ebook-inside-1\">\n\t<div class=\"container\">\n\t\t<div class=\"row\">\n\t\t\t<div class=\"col-lg-6 ebook-inside-image\" data-aos=\"fade-right\">\n\t\t\t\t<picture>\n\t\t\t\t\t<img src=\"http:\/\/keepmeintouch.io\/wp-content\/uploads\/2023\/04\/sessiz-istifa-ekitap-icerigi.png\" alt=\"Intouch Logo\" loading=\"lazy\" \/>\n\t\t\t\t<\/picture>\n\t\t\t<\/div>\n\t\t\t<div class=\"col-lg-6 ebook-inside-text\" data-aos=\"fade-left\">\n\t\t\t\t<p>E-kitap i\u00e7eri\u011finde neler var?<\/p>\n\t\t\t\t<ul class=\"list-type-1 fw-normal\">\n\t\t\t\t\t\n\t\t\t\t\t\t<li>Sessiz istifan\u0131n sebepleri ve \u015firketlere olan etkileri<\/li>\n\n\t\t\t\t\t\n\t\t\t\t\t\t<li>Z ku\u015fa\u011f\u0131n\u0131n beklentileri<\/li>\n\n\t\t\t\t\t\n\t\t\t\t\t\t<li>Uzaktan ve hibrit \u00e7al\u0131\u015fma d\u00fczeninde sessiz istifay\u0131 fark etmek<\/li>\n\n\t\t\t\t\t\n\t\t\t\t\t\t<li>\u00c7al\u0131\u015fan etkile\u015fimini sa\u011flaman\u0131n \u00f6nemi<\/li>\n\n\t\t\t\t\t\n\t\t\t\t\t\t<li>Sessiz istifay\u0131 \u00f6nlemek i\u00e7in en iyi \u00e7\u00f6z\u00fcmler<\/li>\n\n\t\t\t\t\t\n\t\t\t\t<\/ul>\n\n\t\t\t\t\n\t\t\t\t<a href=\"#\" class=\"button button--secondary--dot mx-lg-auto button--icon button--secondary get-in-touch-action\"> <i class=\"icon-long-arrow\"><\/i>Download Now<\/a>\n\n\t\t\t\t\t\t\t<\/div>\n\t\t<\/div>\n\t<\/div>\n<\/section><\/div><\/div>\n\n\n\n<section class=\"main-form main-form-homepage\" data-aos=\"fade-right\">\n        <div class=\"container\">\n            <div class=\"main-form-before\" style=\"display: none\">\n                <small>INTOUCH ENGAGEMENT<\/small>\n                <h4>Empower your community with<br> customized solutions.<\/h4>\n                <p>With the ability to customize your package according to your preference, you can choose the best fit for your organization&#8217;s needs. Whether you go with our standard package or create a tailored solution, our app offers flexibility and interactivity to your community.  <\/p>\n                \n    \n        <button class=\"button js-button-change-form button--secondary--dot button--icon button--secondary\"> <i class=\"icon-long-arrow\"><\/i>Request a Demo<\/button>\n    \n\n            <\/div>\n            <div class=\"main-form-after active \">\n                <div class=\"main-form-text\">\n                    <small>E-K\u0130TAP<\/small>\n                    <h4>\u00dccretsiz e-kitab\u0131 hemen indirin!<\/h4>\n                    <p>Formu doldurun, e-kitab\u0131m\u0131z\u0131 hemen e-mail adresinize g\u00f6nderelim.<\/p>\n                <\/div>\n                <div>\n\n<script charset=\"utf-8\" type=\"text\/javascript\" src=\"\/\/js.hsforms.net\/forms\/embed\/v2.js\"><\/script>\n<script>\n  hbspt.forms.create({\n    region: \"na1\",\n    portalId: \"9145298\",\n    formId: \"7887e6f2-867c-4755-913d-c37bfbe6cc81\"\n  });\n<\/script>\n\n\n\n\n       \n                <\/div>\n            <\/div> \n        <\/div>\n        <picture class=\"d-block d-lg-none main-form-mobile-blur\">\n            <img src=\"https:\/\/keepmeintouch.io\/wp-content\/uploads\/2023\/01\/main-form-mobile.png\" alt=\"Main Form Mobile Blur\">\n        <\/picture>\n    <\/section>\n","protected":false},"excerpt":{"rendered":"<p>INTOUCH ENGAGEMENT Empower your community with customized solutions. With the ability to customize your package according to your preference, you can choose the best fit for your organization&#8217;s needs. Whether you go with our standard package or create a tailored solution, our app offers flexibility and interactivity to your community. Request a Demo E-K\u0130TAP \u00dccretsiz [&hellip;]<\/p>\n","protected":false},"author":2,"featured_media":0,"parent":1334,"menu_order":0,"comment_status":"closed","ping_status":"closed","template":"","meta":{"inline_featured_image":false,"footnotes":""},"class_list":["post-3197","page","type-page","status-publish","hentry"],"_links":{"self":[{"href":"https:\/\/keepmeintouch.io\/tr\/wp-json\/wp\/v2\/pages\/3197","targetHints":{"allow":["GET"]}}],"collection":[{"href":"https:\/\/keepmeintouch.io\/tr\/wp-json\/wp\/v2\/pages"}],"about":[{"href":"https:\/\/keepmeintouch.io\/tr\/wp-json\/wp\/v2\/types\/page"}],"author":[{"embeddable":true,"href":"https:\/\/keepmeintouch.io\/tr\/wp-json\/wp\/v2\/users\/2"}],"replies":[{"embeddable":true,"href":"https:\/\/keepmeintouch.io\/tr\/wp-json\/wp\/v2\/comments?post=3197"}],"version-history":[{"count":2,"href":"https:\/\/keepmeintouch.io\/tr\/wp-json\/wp\/v2\/pages\/3197\/revisions"}],"predecessor-version":[{"id":3201,"href":"https:\/\/keepmeintouch.io\/tr\/wp-json\/wp\/v2\/pages\/3197\/revisions\/3201"}],"up":[{"embeddable":true,"href":"https:\/\/keepmeintouch.io\/tr\/wp-json\/wp\/v2\/pages\/1334"}],"wp:attachment":[{"href":"https:\/\/keepmeintouch.io\/tr\/wp-json\/wp\/v2\/media?parent=3197"}],"curies":[{"name":"wp","href":"https:\/\/api.w.org\/{rel}","templated":true}]}}