{"id":2191,"date":"2022-12-28T09:59:44","date_gmt":"2022-12-28T06:59:44","guid":{"rendered":"https:\/\/keepmeintouch.io\/?page_id=2191"},"modified":"2023-03-01T03:56:47","modified_gmt":"2023-03-01T00:56:47","slug":"gizlilik-politikasi","status":"publish","type":"page","link":"https:\/\/keepmeintouch.io\/tr\/gizlilik-politikasi\/","title":{"rendered":"Gizlilik Politikas\u0131"},"content":{"rendered":"\n<div class=\"term-of-use\">\n            <div class=\"term-of-use-blur-left\">\n                <picture>\n                    <img src=\"https:\/\/keepmeintouch.io\/wp-content\/uploads\/2023\/01\/term-of-use-blur-left.png\" alt=\"Term of Use Blur Left\">\n                <\/picture>\n            <\/div>\n            <div class=\"container\">\n                <h1>Gizlilik Politikas\u0131<\/h1>\n                <p>Bu Gizlilik Politikas\u0131, intouch&#8217;un Kullan\u0131m \u015eartlar\u0131 alt\u0131nda tan\u0131mlanan Web Sitesi arac\u0131l\u0131\u011f\u0131yla elde etti\u011fi bilgi ve verilerin kullan\u0131m\u0131na ili\u015fkin h\u00fck\u00fcm ve ko\u015fullar\u0131 belirlemeyi ama\u00e7lamaktad\u0131r. Gizlilik Politikas\u0131, Kullan\u0131m \u015eartlar\u0131\u2019n\u0131n eki ve ayr\u0131lmaz bir par\u00e7as\u0131d\u0131r.<\/p>\n                <p>intouch, Web Sitesi\u2019nin kullan\u0131m\u0131 yoluyla toplanabilecek herhangi bir ki\u015fisel veriyi \u00fc\u00e7\u00fcnc\u00fc \u015fah\u0131slara if\u015fa etmeyecek, ancak Kullan\u0131m \u015eartlar\u0131 ama\u00e7lar\u0131 do\u011frultusunda ve burada belirtildi\u011fi \u015fekilde if\u015fa edebilecektir. Bu kapsamda intouch, bu taahh\u00fcd\u00fc bir gizlilik y\u00fck\u00fcml\u00fcl\u00fc\u011f\u00fc olarak kabul ederek; verileri \u00f6zel ve gizli saklamay\u0131, gizlili\u011fi sa\u011flamak ve s\u00fcrd\u00fcrmek i\u00e7in gerekli t\u00fcm tedbirleri almay\u0131 ve gizli verilerin k\u0131smen veya tamamen umuma a\u00e7\u0131klanmas\u0131n\u0131 veya yetkisiz kullan\u0131m\u0131n\u0131 veya \u00fc\u00e7\u00fcnc\u00fc bir tarafa if\u015fa edilmesini engellemeyi taahh\u00fct eder.<\/p>\n\n                <p>Bu t\u00fcr ki\u015fisel veriler, kullan\u0131c\u0131n\u0131n kimli\u011fini if\u015fa etmeden Web Sitesi\u2019ndeki kullan\u0131c\u0131 deneyimini geli\u015ftirmek, istatistiksel de\u011ferlendirmeler yapmak, veri tabanlar\u0131 olu\u015fturmak ve pazar ara\u015ft\u0131rmas\u0131 yapmak amac\u0131yla kullan\u0131labilir. Anonimle\u015ftirmenin ard\u0131ndan intouch, kullan\u0131m ve i\u015flem verilerini istatistiksel de\u011ferlendirmeler, performans de\u011ferlendirmeleri, intouch ve ortaklar\u0131n\u0131n pazarlama kampanyalar\u0131, y\u0131ll\u0131k raporlar ve benzeri i\u00e7in kullanabilir ve s\u00f6z konusu verileri saklayabilir, i\u015fleyebilir veya daha \u00f6nce belirtilen ama\u00e7lar\u0131 ger\u00e7ekle\u015ftirmek \u00fczere s\u00fcreli olarak ortaklar\u0131na iletebilir.<\/p>\n\n                <h4>intouch, yukar\u0131da belirtilen bilgileri a\u015fa\u011f\u0131daki durumlarda \u00fc\u00e7\u00fcnc\u00fc \u015fah\u0131slara if\u015fa edebilir:<\/h4>\n                <p>(i) Kullan\u0131m \u015eartlar\u0131 kapsam\u0131ndaki herhangi bir y\u00fck\u00fcml\u00fcl\u00fc\u011f\u00fcn yerine getirilmesi i\u00e7in veri if\u015fas\u0131n\u0131n zorunlu oldu\u011fu durumlarda,<\/p>\n                <p>(ii) Yetkili bir idari veya adli makam\u0131n, ilgili mevzuata uygun olarak bir ara\u015ft\u0131rma veya soru\u015fturman\u0131n y\u00fcr\u00fct\u00fclmesi i\u00e7in kullan\u0131c\u0131larla ilgili bilgileri istemesi durumunda,<\/p>\n                <p>(iii) Kullan\u0131c\u0131lar\u0131n haklar\u0131n\u0131n veya g\u00fcvenli\u011finin korunmas\u0131 i\u00e7in bilgi sa\u011flamas\u0131 gerekti\u011fi durumlarda.<\/p>\n\n                <p>intouch, kullan\u0131c\u0131lar\u0131n IP adreslerini tespit edebilir ve gerekti\u011finde bu IP adreslerini sistem bazl\u0131 sorunlar\u0131 tan\u0131mlamak ve Web Sitesi\u2019nde ortaya \u00e7\u0131kabilecek sorunlar\u0131 an\u0131nda \u00e7\u00f6zmek i\u00e7in kullanabilir. IP adresleri ayr\u0131ca kullan\u0131c\u0131lar\u0131 genel olarak tan\u0131mlamak ve kapsaml\u0131 demografik bilgi toplamak i\u00e7in de kullan\u0131labilir.<\/p>\n\n<p>intouch, yukar\u0131da belirtilen ama\u00e7lar i\u00e7in verileri kullan\u0131c\u0131n\u0131n ikamet etti\u011fi \u00fclke yerine d\u00fcnyan\u0131n herhangi bir yerindeki sunuculara (bu t\u00fcr sunucular intouch&#8217;a veya ba\u011fl\u0131 kurulu\u015flar\u0131na ait olabilir) aktarma hakk\u0131na sahip olacakt\u0131r.<\/p>\n\n<p>Web Sitesi\u2019nden ba\u015fka web sitelerine veya uygulamalara link verilmesi m\u00fcmk\u00fcnd\u00fcr ve intouch, bu web sitelerinin ve uygulamalar\u0131n\u0131n gizlilik uygulamalar\u0131 ve i\u00e7eriklerinden sorumlu olmayacakt\u0131r.<\/p>\n\n<p>intouch, bu Gizlilik Politikas\u0131n\u0131n h\u00fck\u00fcmlerini kendi takdirine ba\u011fl\u0131 olarak Web Sitesi arac\u0131l\u0131\u011f\u0131yla yay\u0131nlayarak revize edebilir. Gizlilik Politikas\u0131n\u0131n revize edilmi\u015f h\u00fck\u00fcmleri, Web Sitesi arac\u0131l\u0131\u011f\u0131yla yay\u0131nlan\u0131r yay\u0131nlanmaz y\u00fcr\u00fcrl\u00fc\u011fe girecektir.<\/p>\n                \n                \n            <\/div>        \n            <div class=\"term-of-use-blur-right\">\n                <picture>\n                    <img src=\"https:\/\/keepmeintouch.io\/wp-content\/uploads\/2023\/01\/term-of-use-blur-right.png\" alt=\"\">\n                <\/picture>\n            <\/div>\n        <\/div>\n","protected":false},"excerpt":{"rendered":"<p>Gizlilik Politikas\u0131 Bu Gizlilik Politikas\u0131, intouch&#8217;un Kullan\u0131m \u015eartlar\u0131 alt\u0131nda tan\u0131mlanan Web Sitesi arac\u0131l\u0131\u011f\u0131yla elde etti\u011fi bilgi ve verilerin kullan\u0131m\u0131na ili\u015fkin h\u00fck\u00fcm ve ko\u015fullar\u0131 belirlemeyi ama\u00e7lamaktad\u0131r. Gizlilik Politikas\u0131, Kullan\u0131m \u015eartlar\u0131\u2019n\u0131n eki ve ayr\u0131lmaz bir par\u00e7as\u0131d\u0131r. intouch, Web Sitesi\u2019nin kullan\u0131m\u0131 yoluyla toplanabilecek herhangi bir ki\u015fisel veriyi \u00fc\u00e7\u00fcnc\u00fc \u015fah\u0131slara if\u015fa etmeyecek, ancak Kullan\u0131m \u015eartlar\u0131 ama\u00e7lar\u0131 do\u011frultusunda ve burada [&hellip;]<\/p>\n","protected":false},"author":2,"featured_media":0,"parent":0,"menu_order":0,"comment_status":"closed","ping_status":"closed","template":"","meta":{"inline_featured_image":false,"footnotes":""},"class_list":["post-2191","page","type-page","status-publish","hentry"],"_links":{"self":[{"href":"https:\/\/keepmeintouch.io\/tr\/wp-json\/wp\/v2\/pages\/2191","targetHints":{"allow":["GET"]}}],"collection":[{"href":"https:\/\/keepmeintouch.io\/tr\/wp-json\/wp\/v2\/pages"}],"about":[{"href":"https:\/\/keepmeintouch.io\/tr\/wp-json\/wp\/v2\/types\/page"}],"author":[{"embeddable":true,"href":"https:\/\/keepmeintouch.io\/tr\/wp-json\/wp\/v2\/users\/2"}],"replies":[{"embeddable":true,"href":"https:\/\/keepmeintouch.io\/tr\/wp-json\/wp\/v2\/comments?post=2191"}],"version-history":[{"count":7,"href":"https:\/\/keepmeintouch.io\/tr\/wp-json\/wp\/v2\/pages\/2191\/revisions"}],"predecessor-version":[{"id":3026,"href":"https:\/\/keepmeintouch.io\/tr\/wp-json\/wp\/v2\/pages\/2191\/revisions\/3026"}],"wp:attachment":[{"href":"https:\/\/keepmeintouch.io\/tr\/wp-json\/wp\/v2\/media?parent=2191"}],"curies":[{"name":"wp","href":"https:\/\/api.w.org\/{rel}","templated":true}]}}