{"id":1602,"date":"2022-12-27T22:38:42","date_gmt":"2022-12-27T19:38:42","guid":{"rendered":"https:\/\/keepmeintouch.io\/?page_id=1602"},"modified":"2023-02-24T22:41:21","modified_gmt":"2023-02-24T19:41:21","slug":"basari-oykuleri","status":"publish","type":"page","link":"https:\/\/keepmeintouch.io\/tr\/kaynaklar\/basari-oykuleri\/","title":{"rendered":"Ba\u015far\u0131 \u00d6yk\u00fcleri"},"content":{"rendered":"\t<section class=\"success-stories-hero\">\n\t\t<picture class=\"success-stories-hero-blur\">\n\t\t\t<source media=\"(max-width:992px)\" srcset=\"https:\/\/keepmeintouch.io\/wp-content\/themes\/intouch\/assets\/images\/common\/mobile\/success-stories-hero-blur-mobile.png\">\n\t\t\t<img src=\"https:\/\/keepmeintouch.io\/wp-content\/themes\/intouch\/assets\/images\/common\/success-stories-hero-blur.png\" alt=\"Success Stories Hero Blur\" loading=\"lazy\" \/>\n\t\t<\/picture>\n\t\t<div class=\"success-stories-hero-circle-1\">\n\t\t\t<img src=\"https:\/\/keepmeintouch.io\/wp-content\/themes\/intouch\/assets\/images\/common\/success-stories-hero-circle-1.png\" alt=\"Success Stories Hero Circle 1\" loading=\"lazy\" \/>\n\t\t<\/div>\n\t\t<div class=\"success-stories-hero-circle-2\">\n\t\t\t<img src=\"https:\/\/keepmeintouch.io\/wp-content\/themes\/intouch\/assets\/images\/common\/success-stories-hero-circle-2.png\" alt=\"Success Stories Hero Circle 2\" loading=\"lazy\" \/>\n\t\t<\/div>\n\t\t<div class=\"success-stories-hero-circle-3\">\n\t\t\t<img src=\"https:\/\/keepmeintouch.io\/wp-content\/themes\/intouch\/assets\/images\/common\/success-stories-hero-circle-3.png\" alt=\"Success Stories Hero Circle 3\" loading=\"lazy\" \/>\n\t\t<\/div>\n\t\t<div class=\"container\">\n\t\t\t<div class=\"row\">\n\t\t\t\t<div class=\"col-lg-6 innerpage-hero-text\" data-aos=\"fade-right\">\n\t\t\t\t\t<small>Ba\u015far\u0131 \u00d6yk\u00fcleri<\/small>\n\t\t\t\t\t<h1>Intouch ile Artan \u00c7al\u0131\u015fan Etkile\u015fimi ve Ba\u011fl\u0131l\u0131\u011f\u0131<\/h1>\n\t\t\t\t\t<p>Yaz\u0131l\u0131m ve teknoloji sekt\u00f6r\u00fcnde lider IT dan\u0131\u015fmanl\u0131k firmas\u0131 olan OBSS Teknoloji, uzaktan ve hibrit 1000\u2019in \u00fczerinde \u00e7al\u0131\u015fan\u0131n\u0131 Intouch Etkile\u015fim ile bir araya getirdi.<\/p>\n\t\t\t\t<\/div>\n\t\t\t\t<div class=\"col-lg-6\" data-aos=\"fade-left\">\n\t\t\t\t\t<div class=\"success-stories-hero-image\">\n\t\t\t\t\t\t<a data-fancybox=\"demo\" data-src=\"https:\/\/keepmeintouch.io\/wp-content\/uploads\/2023\/01\/obss.png\">\n\t\t\t\t\t\t\t<lottie-player src=\"https:\/\/keepmeintouch.io\/wp-content\/themes\/intouch\/assets\/lottie\/success-Banner.json\" speed=\"0.15\" loop id=\"lottie-success-stories-hero\" class=\"js-lottie-hover lottie-success-stories-hero lottie-desktop\"><\/lottie-player>\n\t\t\t\t\t\t\t<lottie-player src=\"https:\/\/keepmeintouch.io\/wp-content\/themes\/intouch\/assets\/lottie\/success-Banner-m.json\" speed=\"0.15\" loop id=\"lottie-success-stories-hero\" class=\"js-lottie-hover lottie-success-stories-hero lottie-mobile\"><\/lottie-player>\n\t\t\t\t\t\t\t<picture>\n\t\t\t\t\t\t\t\t<img src=\"https:\/\/keepmeintouch.io\/wp-content\/uploads\/2023\/01\/obss.png\" alt=\"Success Stories Hero\" loading=\"lazy\" \/>\n\t\t\t\t\t\t\t<\/picture>\n\t\t\t\t\t\t<\/a>\n\t\t\t\t\t<\/div>\n\t\t\t\t<\/div>\n\t\t\t<\/div>\n\t\t<\/div>\n\t<\/section>\n\n<section class=\"position-relative\">\n\t<div class=\"single-brand-blur-left\">\n\t\t<picture>\n\t\t\t<img src=\"https:\/\/keepmeintouch.io\/wp-content\/themes\/intouch\/assets\/images\/common\/single-brand-left.png\" alt=\"About Us Background\" loading=\"lazy\" \/>\n\t\t<\/picture>\n\t<\/div>\n\t<div class=\"single-brand-blur-right\">\n\t\t<picture>\n\t\t\t<img src=\"https:\/\/keepmeintouch.io\/wp-content\/themes\/intouch\/assets\/images\/common\/single-brand-right.png\" alt=\"About Us Background\" loading=\"lazy\" \/>\n\t\t<\/picture>\n\t<\/div>\n\t<div class=\"single-brand-circle-1\">\n\t\t<picture>\n\t\t\t<img src=\"https:\/\/keepmeintouch.io\/wp-content\/themes\/intouch\/assets\/images\/common\/single-brand-circle.png\" alt=\"About Us Background\" loading=\"lazy\" \/>\n\t\t<\/picture>\n\t<\/div>\n\t<div class=\"single-brand\">\n\t\t<lottie-player src=\"https:\/\/keepmeintouch.io\/wp-content\/themes\/intouch\/assets\/lottie\/single-Brand-1.json\" speed=\"0.15\" loop autoplay id=\"lottie-single-brand\" class=\"lottie-single-brand lottie-desktop\"><\/lottie-player> \n    \t<lottie-player src=\"https:\/\/keepmeintouch.io\/wp-content\/themes\/intouch\/assets\/lottie\/single-Brand-1-m.json\" speed=\"0.15\" loop autoplay id=\"lottie-single-brand\" class=\"lottie-single-brand lottie-mobile\"><\/lottie-player> \n    \n\t\t<div class=\"single-brand__inner\">\n\t\t\t<div class=\"single-brand__inner__top\">\n\t\t\t\t<picture>\n\t\t\t\t\t<img src=\"https:\/\/keepmeintouch.io\/wp-content\/themes\/intouch\/assets\/images\/logos\/logo-obss-success.png\" alt=\"\" loading=\"lazy\" \/>\n\t\t\t\t<\/picture>\n\t\t\t\t<ul>\n\t\t\t\t\t<li>\n\t\t\t\t\t\t<picture>\n\t\t\t\t\t\t\t<img src=\"https:\/\/keepmeintouch.io\/wp-content\/themes\/intouch\/assets\/images\/icons\/government.svg\" alt=\"Government Icon\" loading=\"lazy\" \/>\n\t\t\t\t\t\t<\/picture>\n\t\t\t\t\t\t<span>IT &amp; Yaz\u0131l\u0131m &#8211; Teknoloji<\/span>\n\t\t\t\t\t<\/li>\n\t\t\t\t\t<li>\n\t\t\t\t\t\t<picture>\n\t\t\t\t\t\t\t<img src=\"https:\/\/keepmeintouch.io\/wp-content\/themes\/intouch\/assets\/images\/icons\/community-2.svg\" alt=\"Community Icon\" loading=\"lazy\" \/>\n\t\t\t\t\t\t<\/picture>\n\t\t\t\t\t\t<span>1000+<\/span>\n\t\t\t\t\t<\/li>\n\t\t\t\t\t<li>\n\t\t\t\t\t\t<picture>\n\t\t\t\t\t\t\t<img src=\"https:\/\/keepmeintouch.io\/wp-content\/themes\/intouch\/assets\/images\/icons\/world.svg\" alt=\"World Icon\" loading=\"lazy\" \/>\n\t\t\t\t\t\t<\/picture>\n\t\t\t\t\t\t<span>EMEA<\/span>\n\t\t\t\t\t<\/li>\n\t\t\t\t<\/ul>\n\t\t\t<\/div>\n\t\t\t<p>\n\t\t\t\tOBSS Teknoloji, 2005\u2019ten beri yaz\u0131l\u0131m ve teknoloji \u00e7\u00f6z\u00fcmleri konusunda uzmanla\u015fm\u0131\u015f lider bir IT dan\u0131\u015fmanl\u0131k firmas\u0131d\u0131r. Bankac\u0131l\u0131k, finans, e-ticaret, sigorta ve savunma sanayii alanlar\u0131ndaki \u015firketlere u\u00e7tan uca \u00e7\u00f6z\u00fcmler \u00fcretmektedir. 850\u2019nin \u00fczerinde yaz\u0131l\u0131m m\u00fchendisinden olu\u015fan deneyimli bir ekip ile ba\u015fta T\u00fcrkiye olmak \u00fczere d\u00fcnyan\u0131n d\u00f6rt bir yan\u0131nda anahtar teslim projeler geli\u015ftirmekte ve teknoloji dan\u0131\u015fmanl\u0131\u011f\u0131 sunmaktad\u0131r. \n\t\t\t<\/p>\n\t\t<\/div>\n\t<\/div>\n<\/section>\n\n<section class=\"success-stories-page detail-page-text-image image-left\">\n    <div class=\"container\">\n        <div class=\"detail-page-image\" data-aos=\"fade-right\">\n\t\t\t\t<lottie-player src=\"https:\/\/keepmeintouch.io\/wp-content\/themes\/intouch\/assets\/lottie\/success-1.json\" speed=\"0.15\" loop id=\"https:\/\/keepmeintouch.io\/wp-content\/uploads\/2023\/02\/success-stories-the-challenge.png\" class=\"js-lottie-hover lottie-features-2 lottie-desktop\"><\/lottie-player> \n\t\t\t\t<lottie-player src=\"https:\/\/keepmeintouch.io\/wp-content\/themes\/intouch\/assets\/lottie\/success-1-m.json\" speed=\"0.15\" loop id=\"https:\/\/keepmeintouch.io\/wp-content\/uploads\/2023\/02\/success-stories-the-challenge.png\" class=\"js-lottie-hover lottie-features-2 lottie-mobile\"><\/lottie-player> \n<picture>\n                <img src=\"https:\/\/keepmeintouch.io\/wp-content\/uploads\/2023\/02\/success-stories-the-challenge.png\" alt=\"The Challenge\" loading=\"lazy\" \/>\n            <\/picture>\n        <\/div>\n        <div class=\"detail-page-text\" data-aos=\"fade-left\">\n            <p>Problem<\/p>\n            <p class=\"text-type-2 fw-light\">OBSS Teknoloji, farkl\u0131 lokasyonlarda \u00e7al\u0131\u015fanlar tak\u0131mlar aras\u0131nda \u00f6zellikle i\u00e7 ileti\u015fimde zorluklar ya\u015f\u0131yordu. Di\u011fer yandan \u015firkete yeni kat\u0131lanlar\u0131n oryantasyonu, \u015firket k\u00fclt\u00fcr\u00fcn\u00fcn a\u00e7\u0131k bir \u015fekilde herkese aktar\u0131m\u0131 ve \u00e7al\u0131\u015fanlar\u0131n birbirleriyle sosyalle\u015fmesi ya\u015fan\u0131lan zorluklar aras\u0131ndayd\u0131. H\u0131zl\u0131 b\u00fcy\u00fcyen \u015firkette tak\u0131m ruhu olu\u015fturma ve \u015firkete ba\u011fl\u0131l\u0131k konular\u0131 en \u00e7ok de\u011fer verilen konular aras\u0131ndayd\u0131 ve bunun i\u00e7in teknolojik vizyonlar\u0131yla \u00f6rt\u00fc\u015fen bir \u00e7\u00f6z\u00fcm aray\u0131\u015f\u0131 i\u00e7erisindeydiler.<\/p>\n        <\/div>\n    <\/div>\n<\/section>\n\n<section class=\"how-to-use\">\n\t<div class=\"container\">\n\t\t<div class=\"how-to-use-text\" data-aos=\"fade-right\">\n\t\t\t<p>\u00c7\u00f6z\u00fcm<\/p>\n\t\t\t<ul class=\"fw-light mb-20\" style=\"font-size: 16px;\">\n\t\t\t\t<li>OBSS Teknoloji i\u00e7in \u00e7al\u0131\u015fan mutlulu\u011funun ve teknolojiyle \u015fekillenen \u015firket k\u00fclt\u00fcr\u00fcn\u00fcn \u00e7ok \u00f6nemli oldu\u011funu g\u00f6zlemledik. S\u00fcre\u00e7 i\u00e7erisinde kar\u015f\u0131la\u015ft\u0131klar\u0131 problemleri Intouch\u2019\u0131n dinamik mod\u00fclleri ile e\u015fle\u015ftirerek nokta at\u0131\u015f \u00e7\u00f6z\u00fcmler sunduk.<\/li>\n\t\t\t<\/ul>\n\t\t\t<ul class=\"list-type-1\">\n\t\t\t\t\n\t\t\t\t\t<li>\u015eirkete yeni kat\u0131lanlar\u0131n oryantasyonu ve h\u0131zl\u0131 adaptasyonu i\u00e7in herkesin ihtiya\u00e7 duydu\u011fu anda kolayl\u0131kla ula\u015fabilece\u011fi k\u00fclt\u00fcr gruplar\u0131 ve bilgi bankalar\u0131 olu\u015fturduk.<\/li>\n\n\t\t\t\t\n\t\t\t\t\t<li>\u00c7al\u0131\u015fanlar\u0131n birbirlerini sosyal a\u00e7\u0131dan tan\u0131malar\u0131n\u0131n g\u00fcnl\u00fck i\u015f rutinlerine olumlu yans\u0131d\u0131\u011f\u0131n\u0131 g\u00f6zlemledik.Buradan hareketle kullan\u0131c\u0131lar\u0131n i\u015f ya da sosyal hayatlar\u0131ndan foto\u011fraf, video ya da d\u00f6k\u00fcman payla\u015fabilecekleri bir payla\u015f\u0131m duvar\u0131 olu\u015fturduk.<\/li>\n\n\t\t\t\t\n\t\t\t\t\t<li>\u015eirket i\u00e7in a\u00e7\u0131k ileti\u015fim \u00e7ok \u00f6nemliydi ve yap\u0131c\u0131 geri bildirimlere \u00f6nem veriliyordu. Bunu desteklemek i\u00e7in kullan\u0131c\u0131 profillerinde geri bildirim alanlar\u0131n\u0131 aktifle\u015ftirdik ve geri bildirimi \u00f6d\u00fcl rozetleriyle te\u015fvik ettik.<\/li>\n\n\t\t\t\t\t\t\t<\/ul>\n\t\t<\/div>\n\t\t<div class=\"how-to-use-images\" data-aos=\"fade-left\">\n\t\t\t<div class=\"how-to-use-blur\">\n\t\t\t\t<picture>\n\t\t\t\t\t<img src=\"https:\/\/keepmeintouch.io\/wp-content\/themes\/intouch\/assets\/images\/common\/how-to-use-live-video-blur.png\" alt=\"How To Use Blur\" loading=\"lazy\" \/>\n\t\t\t\t<\/picture> \n\t\t\t<\/div>\n\t\t\t<div class=\"how-to-use-circle-1\">\n\t\t\t\t<picture>\n\t\t\t\t\t<img src=\"https:\/\/keepmeintouch.io\/wp-content\/uploads\/2023\/02\/success-stories-mend-i.png\" alt=\"How To Use 1\" loading=\"lazy\" \/>\n\t\t\t\t<\/picture>\n\t\t\t<\/div>\n\t\t\t<div class=\"how-to-use-circle-2\">\n\t\t\t\t<picture>\n\t\t\t\t\t<img src=\"https:\/\/keepmeintouch.io\/wp-content\/uploads\/2023\/02\/success-stories-mend-ii.png\" alt=\"How To Use 2\" loading=\"lazy\" \/>\n\t\t\t\t<\/picture>\n\t\t\t<\/div>\n\t\t\t<div class=\"how-to-use-circle-3\">\n\t\t\t\t<picture>\n\t\t\t\t\t<img src=\"https:\/\/keepmeintouch.io\/wp-content\/uploads\/2023\/02\/success-stories-mend-iii.png\" alt=\"How To Use 3\" loading=\"lazy\" \/>\n\t\t\t\t<\/picture>\n\t\t\t<\/div>\n\t\t<\/div>\n\t<\/div>\n<\/section>\n\n<section class=\"success-stories-page motion-boxes motion-boxes--statistics\">\n\t<div class=\"container\">\n\t\t\t\t\t<div class=\"section-head\">\n\t\t\t\t<div class=\"motion-boxes-result-blur\">\n\t\t\t\t\t<picture>\n\t\t\t\t\t\t<img src=\"https:\/\/keepmeintouch.io\/wp-content\/themes\/intouch\/assets\/images\/common\/result-blur.png\" alt=\"Result Blur\" loading=\"lazy\" \/>\n\t\t\t\t\t<\/picture>\n\t\t\t\t<\/div>\n\t\t\t\t\t\t\t\t\t<h4>Sonu\u00e7lar<\/h4>\n\t\t\t\t\t\t\t\t\t\t\t\t\t<p>OBSS Teknoloji, Intouch Etkile\u015fim\u2019i \u00e7al\u0131\u015fan etkile\u015fimi ve i\u00e7 ileti\u015fim platformu olarak kullanmaya ba\u015flad\u0131ktan sonra etkileyici sonu\u00e7lar elde etti.<\/p>\n\t\t\t\t\n\t\t\t<\/div>\n\t\t\t\t<div class=\"row\">\n\t\t\t<div class=\"motion-boxes--item\">\n\t\t\t\t<lottie-player src=\"https:\/\/keepmeintouch.io\/wp-content\/themes\/intouch\/assets\/lottie\/solutionD-info.json\" autoplay speed=\"0.2\" loop id=\"lottie-solution-info-1\" class=\"lottie-solution-info lottie-desktop\"><\/lottie-player>\n\t\t\t\t<lottie-player src=\"https:\/\/keepmeintouch.io\/wp-content\/themes\/intouch\/assets\/lottie\/solutionD-info-m.json\" autoplay speed=\"0.2\" loop id=\"lottie-solution-info-1\" class=\"lottie-solution-info lottie-mobile\"><\/lottie-player>\n\t\t\t\t<p class=\"motion-boxes--item--percent\">82%<\/p>\n\t\t\t\t<small>uygulamay\u0131 aktif kullanan \u00e7al\u0131\u015fan oran\u0131<\/small>\n\t\t\t\t\t\t\t\t\t<!--<picture>\n\t\t\t\t\t\t<img src=\"https:\/\/keepmeintouch.io\/wp-content\/uploads\/2022\/12\/lucid-1.png\" alt=\"\" loading=\"lazy\" \/>\n\t\t\t\t\t<\/picture>-->\n\t\t\t\t\n\t\t\t<\/div>\n\t\t\t<div class=\"motion-boxes--item\">\n\t\t\t\t<lottie-player src=\"https:\/\/keepmeintouch.io\/wp-content\/themes\/intouch\/assets\/lottie\/solutionD-info-lightblue.json\" autoplay speed=\"0.2\" loop id=\"lottie-solution-info-2\" class=\"lottie-solution-info lottie-desktop\"><\/lottie-player>\n\t\t\t\t<lottie-player src=\"https:\/\/keepmeintouch.io\/wp-content\/themes\/intouch\/assets\/lottie\/solutionD-info-m-lightblue.json\" autoplay speed=\"0.2\" loop id=\"lottie-solution-info-2\" class=\"lottie-solution-info lottie-mobile\"><\/lottie-player>\n\t\t\t\t<p class=\"motion-boxes--item--percent\">10.000+<\/p>\n\t\t\t\t<small>y\u0131ll\u0131k ortalama kaydedilen etkile\u015fim say\u0131s\u0131<\/small>\n\t\t\t\t\t\t\t\t\t<!--<picture>\n\t\t\t\t\t\t<img src=\"https:\/\/keepmeintouch.io\/wp-content\/uploads\/2022\/12\/gorgias-1.png\" alt=\"Lucid Logo\" loading=\"lazy\" \/>\n\t\t\t\t\t<\/picture>-->\n\t\t\t\t\t\t\t<\/div>\n\t\t\t<div class=\"motion-boxes--item\">\n\t\t\t\t<lottie-player src=\"https:\/\/keepmeintouch.io\/wp-content\/themes\/intouch\/assets\/lottie\/solutionD-info-pink.json\" autoplay speed=\"0.2\" loop id=\"lottie-solution-info-3\" class=\"lottie-solution-info lottie-desktop\"><\/lottie-player>\n\t\t\t\t<lottie-player src=\"https:\/\/keepmeintouch.io\/wp-content\/themes\/intouch\/assets\/lottie\/solutionD-info-m-pink.json\" autoplay speed=\"0.2\" loop id=\"lottie-solution-info-3\" class=\"lottie-solution-info lottie-mobile\"><\/lottie-player>\n\t\t\t\t<p class=\"motion-boxes--item--percent\">1.500+<\/p>\n\t\t\t\t<small>birebir payla\u015f\u0131lan geribildirim<\/small>\n\t\t\t\t\t\t\t\t\t<!--<picture>\n\t\t\t\t\t\t<img src=\"https:\/\/keepmeintouch.io\/wp-content\/uploads\/2022\/12\/autotrader-1.png\" alt=\"\" loading=\"lazy\" \/>\n\t\t\t\t\t<\/picture>-->\n\t\t\t\t\t\t\t<\/div>\n\t\t<\/div>\n\t<\/div>\n<\/section>\n\n<section class=\"success-stories-page single-testimonial\" data-aos=\"fade-right\">\n    <div class=\"single-testimonial-blur\">\n        <picture>\n            <img src=\"https:\/\/keepmeintouch.io\/wp-content\/themes\/intouch\/assets\/images\/common\/success-stories-testimonials-blur.png\" alt=\"Success Stories Testimonials Blur\" loading=\"lazy\" \/>\n        <\/picture>\n    <\/div>\n    <div class=\"container\">\n        <div class=\"swiper swiper-single-testimonials\">\n            <div class=\"swiper-wrapper\">\n\t\t\t\t\n                \n                    <div class=\"swiper-slide\">\n                        <div class=\"single-testimonial__box\">\n                            <div class=\"single-testimonial__box--person\">\n                                <picture>\n                                    <img src=\"https:\/\/keepmeintouch.io\/wp-content\/uploads\/2023\/02\/testimonials-emre-aykin.png\" alt=\"\" loading=\"lazy\" \/>\n                                <\/picture>\n                                <p>\n                                    Emre Ayk\u0131n                                    <small>Kurumsal \u0130leti\u015fim K\u0131demli Uzman\u0131<\/small>\n                                <\/p>\n                            <\/div>\n                            <div class=\"single-testimonial__box--content\">\n                                <picture>\n                                    <img src=\"https:\/\/keepmeintouch.io\/wp-content\/uploads\/2023\/02\/logo-obss.png\" alt=\"\" loading=\"lazy\" \/>\n                                <\/picture>\n                                <p>\n                                    Hibrit\/uzaktan \u00e7al\u0131\u015fan bir teknoloji \u015firketi olarak, intouch&#8217;\u0131n farkl\u0131 lokasyonda \u00e7al\u0131\u015fan arkada\u015flar\u0131m\u0131z\u0131 birle\u015ftirmek i\u00e7in nas\u0131l bir fark yaratt\u0131\u011f\u0131n\u0131 yak\u0131ndan hissediyoruz. Intouch sayesinde yeni arkada\u015flar\u0131m\u0131z\u0131n oryantasyonlar\u0131n\u0131 h\u0131zl\u0131ca tamamlayabiliyor ve ihtiya\u00e7 duyacaklar\u0131 bilgiye ve ki\u015filere kolayca ula\u015fmalar\u0131n\u0131 sa\u011fl\u0131yoruz. Intouch kesinlikle \u015firket i\u00e7erisinde \u00e7ok samimi ve s\u00fcrekli bir ileti\u015fim sa\u011fl\u0131yor. Arkada\u015flar\u0131m\u0131z\u0131n hobilerine ve ilgi alanlar\u0131na dayal\u0131 g\u00f6r\u00fcn\u00fcrl\u00fcklerini art\u0131rarak gruplar olu\u015fturmam\u0131za olanak tan\u0131yor. Ayr\u0131ca, Intouch geri bildirim ve takdir k\u00fclt\u00fcr\u00fcn\u00fc yaymak i\u00e7in harika bir platform.                                <\/p>\n                            <\/div>\n                        <\/div>\n                    <\/div>\n\t\t\t\t\n\t\t\t\t\t\n                \n             <\/div>\n        <\/div>\n    <\/div>\n<\/section>\n\n\n<section class=\"main-form\" data-aos=\"fade-right\">\n        <div class=\"container\">\n            <div class=\"main-form-before\" style=\"display: none\">\n                <small>FOR INTOUCH EXPERIENCE<\/small>\n                <h4>Create your package <br>according to your preference<\/h4>\n                <p>intouch&#8217;s flexibility in interaction is also with you in purchasing <br>\n                    proceed with the standard package, or let&#8217;s create the package that <br>\n                    suits best for your number of members, data storage preferences and <br>\n                    member management style\n                <\/p>\n                \n    \n        <button class=\"button js-button-change-form button--secondary--dot button--icon button--secondary\"> <i class=\"icon-long-arrow\"><\/i>Demo Talep Et<\/button>\n    \n\n            <\/div>\n            <div class=\"main-form-after active \">\n                <div class=\"main-form-text\">\n                    <small>INTOUCH<\/small>\n                    <h4>\u00dcCRETS\u0130Z demo talep edin!<\/h4>\n                    <p>Formu doldurun ve Intouch&#8217;\u0131n kurumunuzun ihtiya\u00e7lar\u0131na \u00f6zel \u00e7\u00f6z\u00fcmlerini \u00fccretsiz demo toplant\u0131s\u0131nda hemen ke\u015ffedin.<\/p>\n                <\/div>\n                <div>\n                    <script charset=\"utf-8\" type=\"text\/javascript\" src=\"\/\/js.hsforms.net\/forms\/embed\/v2.js\"><\/script>\n<script>\n  hbspt.forms.create({\n    region: \"na1\",\n    portalId: \"9145298\",\n    formId: \"1afa0a9b-9d31-4614-99eb-433eb0ea1a51\"\n  });\n<\/script>\n                <\/div>\n            <\/div> \n        <\/div>\n        <picture class=\"d-block d-lg-none main-form-mobile-blur\">\n            <img src=\"https:\/\/keepmeintouch.io\/wp-content\/uploads\/2023\/01\/main-form-mobile.png\" alt=\"Main Form Mobile Blur\">\n        <\/picture>\n    <\/section>\n\n\n\n\t<section class=\"success-stories-page home-page motion-boxes\">\n\n\t\t\t<div class=\"home-page-motion-boxes-blur d-none d-lg-block\">\n\t\t\t<picture>\n\t\t\t\t<img src=\"https:\/\/keepmeintouch.io\/wp-content\/themes\/intouch\/assets\/images\/common\/success-stories-discover-more-blur-1.png\" alt=\"Success Stories Discover More Blur 1\" loading=\"lazy\" \/>\n\t\t\t<\/picture>\n\t\t<\/div>\n\t\t<div class=\"home-page-motion-boxes-blur-mobile d-block d-lg-none\">\n\t\t\t<picture>\n\t\t\t\t<img src=\"https:\/\/keepmeintouch.io\/wp-content\/themes\/intouch\/assets\/images\/common\/success-stories-discover-more-blur-2.png\" alt=\"Success Stories Discover More Blur 2\" loading=\"lazy\" \/>\n\t\t\t<\/picture>\n\t\t<\/div>\n\t\t<div class=\"container\">\n\t\t\t\n\t\t\t\t<div class=\"section-head\">\n\t\t\t\t\t\t\t\t\t\t\t<h4>Daha Fazlas\u0131n\u0131 Ke\u015ffedin<\/h4>\n\t\t\t\t\t\t\t\t\t\t\t\t\t\t\t\t<p>Intouch Etkile\u015fim\u2019in dinamik ve ihtiya\u00e7lar\u0131n\u0131za g\u00f6re \u015fekillenebilen \u00f6zellikleri ile farkl\u0131 lokasyonlardaki \u00e7al\u0131\u015fanlar\u0131n\u0131z\u0131n motivasyonunu, \u00fcretkenli\u011fini ve ba\u011fl\u0131l\u0131\u011f\u0131n\u0131 art\u0131rmak \u00e7ok kolay.<\/p>\n\t\t\t\t\t\n\t\t\t\t<\/div>\n\t\t\t\n\t\t\t<div class=\"row\">\n\t\t\t\t<div class=\"col-md-6\" data-aos=\"fade-right\">\n\t\t\t\t\t<lottie-player src=\"https:\/\/keepmeintouch.io\/wp-content\/themes\/intouch\/assets\/lottie\/frontier-box.json\" disableCheck=\"true\" speed=\"0.2\" loop id=\"lottie-homepage-1\" class=\"js-lottie-hover lottie-homepage lottie-desktop\"><\/lottie-player>\n\t\t\t\t\t\n\n\t\t\t\t\t<div class=\"motion-box motion-box--text\">\n\t\t\t\t\t\t<picture class=\"motion-box-icon\">\n\t\t\t\t\t\t\t<img src=\"https:\/\/keepmeintouch.io\/wp-content\/themes\/intouch\/assets\/images\/icons\/avatar.svg\" alt=\"Avatar SVG\" loading=\"lazy\" \/>\n\t\t\t\t\t\t<\/picture>\n\t\t\t\t\t\t<p class=\"motion-box--text-head\">Hibrit ve Uzaktan <br>\u00c7al\u0131\u015fanlar\u0131 Bir Araya Getirin<\/p>\n\t\t\t\t\t\t<p class=\"motion-box--text-description\">Lokasyondan ba\u011f\u0131ms\u0131z t\u00fcm \u00e7al\u0131\u015fanlar\u0131n\u0131z\u0131 tek bir platformda toplay\u0131n ve ileti\u015fimi e\u011flenceli hale getirin. \u015eirket k\u00fclt\u00fcr\u00fcn\u00fcz\u00fc ve de\u011ferlerinizi \u00e7al\u0131\u015fanlar\u0131n\u0131za kolayl\u0131kla aktar\u0131n. Hedeflerine hakim, mutlu \u00e7al\u0131\u015fanlar yarat\u0131n. \u00d6zelle\u015ftirilmi\u015f profil sayfalar\u0131 ve sosyal gruplarla \u00e7al\u0131\u015fanlar\u0131n\u0131z\u0131n birbirini daha yak\u0131ndan tan\u0131mas\u0131n\u0131 sa\u011flay\u0131n. \u00c7al\u0131\u015fan ba\u011fl\u0131l\u0131\u011f\u0131 ve \u00e7al\u0131\u015fan mutlulu\u011funu \u00f6l\u00e7\u00fcmleyerek zaman\u0131nda aksiyon al\u0131n.<\/p>\n\n\t\t\t\t\t\n\t\t\t\t\t<\/div>\n\n\t\t\t\t<\/div>\n\t\t\t\t<div class=\"col-md-6\" data-aos=\"fade-left\">\n\t\t\t\t\t<lottie-player src=\"https:\/\/keepmeintouch.io\/wp-content\/themes\/intouch\/assets\/lottie\/frontier-box.json\" disableCheck=\"true\" speed=\"0.2\" loop id=\"lottie-homepage-2\" class=\"js-lottie-hover lottie-homepage lottie-desktop\"><\/lottie-player>\n\t\t\t\t\t\n\n\t\t\t\t\t<div class=\"motion-box motion-box--text\">\n\t\t\t\t\t\t<picture class=\"motion-box-icon\">\n\t\t\t\t\t\t\t<img src=\"https:\/\/keepmeintouch.io\/wp-content\/themes\/intouch\/assets\/images\/icons\/repair.svg\" alt=\"Avatar SVG\" loading=\"lazy\" \/>\n\t\t\t\t\t\t<\/picture>\n\t\t\t\t\t\t<p class=\"motion-box--text-head\">Saha Ekiplerinizi <br>Destekleyin<\/p>\n\t\t\t\t\t\t<p class=\"motion-box--text-description\">Saha \u00e7al\u0131\u015fanlar\u0131n\u0131zla ileti\u015fim i\u00e7in g\u00fc\u00e7l\u00fc bir kanal olu\u015fturun. \u00c7al\u0131\u015fanlar\u0131n\u0131z\u0131n g\u00f6r\u00fcn\u00fcrl\u00fcklerini artt\u0131rarak ba\u011fl\u0131l\u0131klar\u0131n\u0131 ve motivasyonlar\u0131n\u0131 g\u00fc\u00e7lendirin. \u0130htiya\u00e7 duyduklar\u0131 bilgiye an\u0131nda ula\u015fmalar\u0131n\u0131 ve di\u011fer \u00e7al\u0131\u015fma arkada\u015flar\u0131ndan destek alabilmelerini sa\u011flay\u0131n. Sahadan gelen geri bildirimleri kolayl\u0131kla toplay\u0131n ve i\u015fbirli\u011fini artt\u0131r\u0131n. Saha ekiplerinizi anl\u0131k olarak bilgilendirin, ileti\u015fimi canl\u0131 tutun.<\/p>\n\n\t\t\t\t\t\n\t\t\t\t\t<\/div>\n\n\t\t\t\t<\/div>\n\t\t\t<\/div>\n\t\t<\/div>\n\t\t<\/section>","protected":false},"excerpt":{"rendered":"<p>FOR INTOUCH EXPERIENCE Create your package according to your preference intouch&#8217;s flexibility in interaction is also with you in purchasing proceed with the standard package, or let&#8217;s create the package that suits best for your number of members, data storage preferences and member management style Demo Talep Et INTOUCH \u00dcCRETS\u0130Z demo talep edin! Formu doldurun [&hellip;]<\/p>\n","protected":false},"author":2,"featured_media":0,"parent":1334,"menu_order":0,"comment_status":"closed","ping_status":"closed","template":"","meta":{"inline_featured_image":false,"footnotes":""},"class_list":["post-1602","page","type-page","status-publish","hentry"],"_links":{"self":[{"href":"https:\/\/keepmeintouch.io\/tr\/wp-json\/wp\/v2\/pages\/1602","targetHints":{"allow":["GET"]}}],"collection":[{"href":"https:\/\/keepmeintouch.io\/tr\/wp-json\/wp\/v2\/pages"}],"about":[{"href":"https:\/\/keepmeintouch.io\/tr\/wp-json\/wp\/v2\/types\/page"}],"author":[{"embeddable":true,"href":"https:\/\/keepmeintouch.io\/tr\/wp-json\/wp\/v2\/users\/2"}],"replies":[{"embeddable":true,"href":"https:\/\/keepmeintouch.io\/tr\/wp-json\/wp\/v2\/comments?post=1602"}],"version-history":[{"count":33,"href":"https:\/\/keepmeintouch.io\/tr\/wp-json\/wp\/v2\/pages\/1602\/revisions"}],"predecessor-version":[{"id":3011,"href":"https:\/\/keepmeintouch.io\/tr\/wp-json\/wp\/v2\/pages\/1602\/revisions\/3011"}],"up":[{"embeddable":true,"href":"https:\/\/keepmeintouch.io\/tr\/wp-json\/wp\/v2\/pages\/1334"}],"wp:attachment":[{"href":"https:\/\/keepmeintouch.io\/tr\/wp-json\/wp\/v2\/media?parent=1602"}],"curies":[{"name":"wp","href":"https:\/\/api.w.org\/{rel}","templated":true}]}}