{"id":1589,"date":"2023-01-04T17:34:53","date_gmt":"2023-01-04T14:34:53","guid":{"rendered":"https:\/\/keepmeintouch.io\/?page_id=1589"},"modified":"2023-02-01T18:01:36","modified_gmt":"2023-02-01T15:01:36","slug":"kullanim-sartlari","status":"publish","type":"page","link":"https:\/\/keepmeintouch.io\/tr\/kullanim-sartlari\/","title":{"rendered":"Kullan\u0131m \u015eartlar\u0131"},"content":{"rendered":"\n<div class=\"term-of-use\">\n            <div class=\"term-of-use-blur-left\">\n                <picture>\n                    <img src=\"https:\/\/keepmeintouch.io\/wp-content\/uploads\/2023\/01\/term-of-use-blur-left.png\" alt=\"Term of Use Blur Left\">\n                <\/picture>\n            <\/div>\n            <div class=\"container\">\n                <h1>Kullan\u0131m \u015eartlar\u0131<\/h1>\n                <p>Bu Kullan\u0131m \u015eartlar\u0131, INTOUCH\u2019a ait olan keepmeintouch.io (&#8216;Web Sitesi&#8217;) Web Sitesi\u2019nin kullan\u0131m\u0131 i\u00e7in ge\u00e7erlidir.<\/p>\n                <p>Bu Kullan\u0131m \u015eartlar\u0131, Gizlilik Politikas\u0131 ile birlikte yasal olarak ba\u011flay\u0131c\u0131 olup, intouch ile ili\u015fkinizi y\u00f6netecektir. Web Sitesi\u2019ne eri\u015fiminiz ve \/ veya kullan\u0131m\u0131n\u0131z \u00fczerine burada belirtilen h\u00fck\u00fcm ve ko\u015fullar\u0131 kabul etmi\u015f say\u0131lacaks\u0131n\u0131z. Bu Kullan\u0131m \u015eartlar\u0131\u2019n\u0131 kabul etmiyorsan\u0131z Web Sitesi\u2019ne eri\u015fmeyin veya Web Sitesi\u2019ni kullanmay\u0131n\u0131z. intouch, kullan\u0131c\u0131lar\u0131 \u00f6nceden bilgilendirmeden bu Kullan\u0131m \u015eartlar\u0131\u2019nda periyodik de\u011fi\u015fiklikler yapma hakk\u0131n\u0131 sakl\u0131 tutar. Bu Kullan\u0131m \u015eartlar\u0131\u2019nda yap\u0131lacak herhangi bir de\u011fi\u015fiklik, Web Sitesi\u2019ne bir sonraki eri\u015fiminizde size sunulacakt\u0131r. <\/p>\n                \n                <h4>Madde 1. Web Sitesinin Kullan\u0131m\u0131<\/h4>\n                <p>1. Web Sitesi\u2019ni kullan\u0131m\u0131n\u0131z s\u0131ras\u0131nda bu Kullan\u0131m \u015eartlar\u0131\u2019na ve Web Sitesi\u2019nde zaman zaman yay\u0131nlanabilecek di\u011fer h\u00fck\u00fcmlere, yasalara, ahlak ve g\u00f6rg\u00fc kurallar\u0131na, d\u00fcr\u00fcstl\u00fck ilkelerine uymal\u0131 ve Web Sitesi\u2019nin i\u015fleyi\u015fini engelleme, ihlal etme veya \u00fc\u00e7\u00fcnc\u00fc \u015fah\u0131slar\u0131n haklar\u0131n\u0131 herhangi bir \u015fekilde ihlal etme riski olu\u015fturacak \u015fekilde hareket etmemelisiniz.<\/p>\n<p>2. Web Sitesi\u2019nin veya buradaki hizmetlerin kullan\u0131m\u0131 s\u0131ras\u0131nda INTOUCH\u2019a, ba\u011fl\u0131 \u015firketlerine ve di\u011fer kullan\u0131c\u0131lara kar\u015f\u0131 t\u00fcm eylemlerinizden sorumlu olaca\u011f\u0131n\u0131z\u0131 kabul edersiniz. Web Sitesi\u2019nin kullan\u0131m\u0131yla ilgili her t\u00fcrl\u00fc yasal, idari ve cezai sorumlulu\u011fu \u00fcstleneceksiniz. intouch, Web Sitesi \u00fczerinden ger\u00e7ekle\u015ftirdi\u011finiz faaliyetler sonucunda \u00fc\u00e7\u00fcnc\u00fc \u015fah\u0131slar\u0131n u\u011frayabilece\u011fi zararlardan ve \/ veya bu Kullan\u0131m \u015eartlar\u0131\u2019n\u0131 veya yasalar\u0131 ihlal etmenizden do\u011frudan veya dolayl\u0131 olarak hi\u00e7bir \u015fekilde sorumlu tutulamaz. Bu kapsamda \u00fc\u00e7\u00fcnc\u00fc \u015fah\u0131slar taraf\u0131ndan yap\u0131lacak her t\u00fcrl\u00fc talep ve bundan do\u011fabilecek zararlar Kullan\u0131c\u0131&#8217;ya r\u00fccu edilecektir.<\/p>\n<p>3. intouch, Web Sitesi\u2019nin veya Web Sitesi arac\u0131l\u0131\u011f\u0131yla sa\u011flanan i\u00e7erik veya hizmetlerin kapsam\u0131n\u0131 zaman zaman de\u011fi\u015ftirme veya kullan\u0131c\u0131lar\u0131 \u00f6nceden bilgilendirmeksizin herhangi bir i\u00e7eri\u011fin yay\u0131nlanmas\u0131n\u0131 ve \/ veya herhangi bir hizmetin sa\u011flanmas\u0131n\u0131 durdurma hakk\u0131na sahiptir.<\/p>\n<p>4. Web Sitesi\u2019ni veya ili\u015fkili intouch hizmetlerini herhangi bir yasad\u0131\u015f\u0131 ve \/ veya ahlak d\u0131\u015f\u0131 ama\u00e7 i\u00e7in kullanmamay\u0131 kabul edersiniz. Web Sitesi\u2019ni ve hizmetleri kullan\u0131rken, y\u00fcr\u00fcrl\u00fckteki d\u00fczenlemelere, bu Kullan\u0131m \u015eartlar\u0131\u2019na ve intouch ile yapabilece\u011finiz di\u011fer t\u00fcm s\u00f6zle\u015fmelere uymay\u0131 taahh\u00fct edersiniz.<\/p>\n<p>5. Web Sitesi arac\u0131l\u0131\u011f\u0131yla sa\u011flanan hizmetlerin kesintiye u\u011framas\u0131na veya intouch, ba\u011fl\u0131 kurulu\u015flar\u0131na, alt y\u00fcklenicilerine, kullan\u0131c\u0131lar\u0131na veya Web Sitesi ile ilgili di\u011fer taraflara zarar vermesine neden olabilecek herhangi bir faaliyette bulunmamay\u0131 kabul edersiniz.<\/p>\n<p>6. intouch taraf\u0131ndan Web Sitesi dahilinde sa\u011flanabilen veya sa\u011flanamayan t\u00fcm hizmetler, intouch ile her kullan\u0131c\u0131 aras\u0131nda ayr\u0131 bir kar\u015f\u0131l\u0131kl\u0131 anla\u015fma ile kullan\u0131c\u0131lara sunulacakt\u0131r. Buradaki veya Web Sitesi kapsam\u0131ndaki hi\u00e7bir \u015fey, intouch taraf\u0131ndan herhangi bir kullan\u0131c\u0131ya herhangi bir hizmet sa\u011flama veya verilen ko\u015fullar alt\u0131nda hizmet sa\u011flama taahh\u00fcd\u00fc olarak kabul edilmeyecektir.<\/p>\n<h4>Madde 2. Gizlilik<\/h4>\n<p>1. intouch, Web Sitesi\u2019ni kullanman\u0131zdan elde edilen verileri sadece bu Kullan\u0131m \u015eartlar\u0131\u2019na veya intouch ile yapabilece\u011finiz di\u011fer s\u00f6zle\u015fmelere uygun olarak kullanacakt\u0131r.<\/p>\n<p>2. intouch, verilerinizi Web Sitesi\u2019ndeki kullan\u0131c\u0131 deneyiminizi geli\u015ftirmek amac\u0131yla kullanacakt\u0131r. Bu ba\u011flamda intouch, yukar\u0131da belirtilen verileri mevcut i\u00e7eri\u011fi ve \/ veya hizmetleri iyile\u015ftirmek, yeni i\u00e7erik ve \/ veya hizmetler geli\u015ftirmek ve mevcut kullan\u0131c\u0131lara \u00f6zel i\u00e7erik ve \/ veya hizmetler sunmak amac\u0131yla kullanma hakk\u0131na sahip olacakt\u0131r.<\/p>\n<p>3. Bu ama\u00e7lar i\u00e7in intouch, ilgili verileri ikamet etti\u011finiz \u00fclke d\u0131\u015f\u0131ndaki \u00fclkeler de dahil olmak \u00fczere d\u00fcnyan\u0131n \u00e7e\u015fitli yerlerinde bulunan sunucular\u0131na (kendi sunucular\u0131na veya yan kurulu\u015flar\u0131n\u0131n sunucular\u0131na) aktarabilir.<\/p>\n<h4>Madde 3. Fikri M\u00fclkiyet Haklar\u0131<\/h4>\n<p>1. intouch, Web Sitesi ile ilgili t\u00fcm yasal haklara, m\u00fclkiyete ve menfaatlere sahiptir. Bu Kullan\u0131m \u015eartlar\u0131\u2019ndaki hi\u00e7bir \u015fey, bu t\u00fcr haklar\u0131, unvanlar\u0131 ve menfaatleri kullan\u0131c\u0131lara tamamen veya k\u0131smen devredecek \u015fekilde yorumlanmayacakt\u0131r. Bu Kullan\u0131m \u015eartlar\u0131, Web Sitesi\u2019ni kullanman\u0131z i\u00e7in size yaln\u0131zca ki\u015fisel, d\u00fcnya \u00e7ap\u0131nda, telifsiz, devredilemez ve m\u00fcnhas\u0131r olmayan bir lisans verir.<\/p>\n<p>2. Web Sitesi\u2019nde \u00e7al\u0131\u015fan yaz\u0131l\u0131m\u0131n kaynak kodunu kopyalayamaz, de\u011fi\u015ftiremez, yeniden \u00fcretemez, t\u00fcrev \u00e7al\u0131\u015fmas\u0131n\u0131 olu\u015fturamaz, tersine m\u00fchendislik yapamaz, kaynak koda d\u00f6n\u00fc\u015ft\u00fcremez veya ba\u015fka bir \u015fekilde \u00e7\u0131karmaya \u00e7al\u0131\u015famazs\u0131n\u0131z. Buradaki taray\u0131c\u0131 veya i\u00e7eri\u011fi herhangi bir \u015fekilde de\u011fi\u015ftirmek ya da intouch\u2019\u0131n a\u00e7\u0131k izni olmadan Web Sitesi\u2019ne veya Web Sitesi\u2019nden ba\u011flant\u0131lar sa\u011flamak kesinlikle yasakt\u0131r.<\/p>\n<p>3. Web Sitesi\u2019nin t\u00fcm haklar\u0131 ve i\u00e7erdi\u011fi her t\u00fcrl\u00fc i\u00e7erik, g\u00f6rsel ve tasar\u0131m, metin, logo, grafik intouch\u2019a aittir. Web Sitesi\u2019nin tasar\u0131m\u0131nda kullan\u0131lan bilgi ve \/ veya yaz\u0131l\u0131mlar\u0131n kopyalanmas\u0131 ve \/ veya Web Sitesi\u2019ne eri\u015fim ve kullan\u0131m amac\u0131 dahilinde makul olan\u0131n \u00f6tesinde kullan\u0131lmas\u0131, Web Sitesi\u2019ndeki resimlerin, metinlerin, g\u00f6r\u00fcnt\u00fclerin, belgelerin vb. kopyalanmas\u0131, da\u011f\u0131t\u0131lmas\u0131, i\u015flenmesi ve di\u011fer \u015fekillerde kullan\u0131m\u0131 kesinlikle yasakt\u0131r. Ek olarak,<\/p>\n<p>(i)Web Sitesi\u2019ne ait yaz\u0131l\u0131m\u0131n \u00e7al\u0131\u015fmas\u0131n\u0131 veya Web Sitesi\u2019nin di\u011fer kullan\u0131c\u0131lar taraf\u0131ndan kullan\u0131lmas\u0131n\u0131 engelleyebilecek herhangi bir eyleme te\u015febb\u00fcs etmek kesinlikle yasakt\u0131r.<\/p>\n<p>(ii)Web Sitesi\u2019ne uygunsuz i\u00e7erik y\u00fckleyerek, Web Sitesi\u2019ne y\u00fcklenen ve \/ veya yay\u0131nlanan mesajlara ve bilgilere eri\u015fmek veya bu t\u00fcr bilgileri, i\u00e7eri\u011fi ve mesajlar\u0131 kopyalamak, silmek, de\u011fi\u015ftirmek veya te\u015febb\u00fcs etmek kesinlikle yasakt\u0131r.<p>\n<p>(iii)Web Sitesi\u2019nin genel g\u00fcvenli\u011fini tehdit edebilecek eylemlerde bulunmak ve \/ veya di\u011fer kullan\u0131c\u0131lara zarar vermek kesinlikle yasakt\u0131r.<\/p>\n<p>(iv)Web Sitesi\u2019nin ve kullan\u0131lan yaz\u0131l\u0131m\u0131n \u00e7al\u0131\u015fmas\u0131n\u0131 engellemek veya aksatmak, tersine m\u00fchendisli\u011fe tabi tutmak, sald\u0131r\u0131ya u\u011framas\u0131na veya herhangi bir yaz\u0131l\u0131m\u0131n \u00e7al\u0131\u015fmas\u0131n\u0131 ba\u015fka \u015fekillerde s\u00fcrd\u00fcrmesine veya istila etmesine neden olabilecek yaz\u0131l\u0131m\u0131 kullanmak veya kullanmaya \u00e7al\u0131\u015fmak, intouch\u2019\u0131n donan\u0131m ve sunucular\u0131na eri\u015fim sa\u011flamak i\u00e7in \u00e7aba sarf etmek kesinlikle yasakt\u0131r.<\/p>\n<p>4. Bu Kullan\u0131m \u015eartlar\u0131\u2019ndaki hi\u00e7bir \u015fey size intouch\u2019\u0131n ticari adlar\u0131n\u0131, ticari markalar\u0131n\u0131, hizmet markalar\u0131n\u0131, logolar\u0131n\u0131, alan adlar\u0131n\u0131 vb. kullanma hakk\u0131 vermez.<\/p>\n<h4>Madde 4. Sorumlulu\u011fun S\u0131n\u0131rland\u0131r\u0131lmas\u0131<\/h4>\n<p>1. Web Sitesi\u2019ni kullanarak, Web Sitesi i\u00e7erisinden, intouch taraf\u0131ndan kontrol edilmeyen web sitelerine ve \/ veya platformlara, dosyalara veya i\u00e7eriklere ba\u011flant\u0131 verilebilece\u011fini, \u00fc\u00e7\u00fcnc\u00fc \u015fah\u0131slara ait hizmetler sunulabilece\u011fini kabul ve beyan edersiniz. Bu ba\u011flant\u0131 ve hizmetler, ilgili web sitesine veya operat\u00f6r\u00fcne destek sa\u011flamak veya web sitesi veya i\u00e7eri\u011fi ile ilgili herhangi bir taahh\u00fct veya garanti vermek amac\u0131yla sa\u011flanm\u0131\u015f olarak kabul edilemez. intouch bu platformlar, web siteleri, dosyalar ve i\u00e7erikler, hizmetler veya \u00fcr\u00fcnler veya bunlar\u0131n i\u00e7eriklerinden sorumlu de\u011fildir.<\/p>\n<p>2. UYGULANACAK YASALARIN \u0130Z\u0130N VERD\u0130\u011e\u0130 \u00d6L\u00c7\u00dcDE, INTOUCH, WEB S\u0130TES\u0130N\u0130N KULLANIMINDAN KAYNAKLANAB\u0130LECEK KAR KAYBI, \u015eEREF\u0130YE VEYA \u0130\u015e DE\u011eERLEND\u0130RME KAYBI, YEDEK MAL VEYA H\u0130ZMETLER\u0130N TEDAR\u0130K MAL\u0130YET\u0130 VB. G\u0130B\u0130 DO\u011eRUDAN, DOLAYLI, ARIZ\u0130, \u00d6ZEL, BA\u011eLANTILI ZARARLARDAN VEYA CEZA\u0130 TAZM\u0130NATLARDAN SORUMLU OLMAYACAKTIR. AYRICA, INTOUCH ZIMN\u0130 GARANT\u0130LER VE SATILAB\u0130L\u0130RL\u0130K KO\u015eULLARI VE BEL\u0130RL\u0130 B\u0130R AMACA UYGUNLUK VE \u0130HLAL ETMEME DAH\u0130L VE BUNLARLA SINIRLI OLMAMAK \u00dcZERE A\u00c7IK YA DA ZIMN\u0130 HER T\u00dcRL\u00dc GARANT\u0130 VE KO\u015eULU REDDETMEKTED\u0130R.<\/p>\n<p>3. Web Sitesi arac\u0131l\u0131\u011f\u0131yla sa\u011flanan hizmetlerin kullan\u0131labilirli\u011fi ve kalitesi, b\u00fcy\u00fck \u00f6l\u00e7\u00fcde \u0130nternet Servis Sa\u011flay\u0131c\u0131n\u0131z taraf\u0131ndan sa\u011flanan internet ba\u011flant\u0131s\u0131n\u0131n kalitesine ba\u011fl\u0131d\u0131r.\n<p>4. Web Sitesi\u2019ni kullanarak, intouch\u2019\u0131n vir\u00fcs, solucan ve di\u011fer sald\u0131r\u0131lar ile Web Sitesi\u2019ne izinsiz eri\u015fim ve Web Sitesi\u2019ne veya Web Sitesi\u2019nden aktar\u0131mlar\u0131 \u00f6nlemeyi garanti etmedi\u011fini, intouch\u2019\u0131n yaz\u0131l\u0131mla ilgili olarak destek, bak\u0131m, g\u00fcncelleme veya yeni s\u00fcr\u00fcmler sa\u011flamak zorunda olmad\u0131\u011f\u0131n\u0131 kabul edersiniz.<\/p>\n<h4>Madde 5. Y\u00fcr\u00fcrl\u00fc\u011fe Girme<\/h4>\n<p>1. Bu Kullan\u0131m \u015eartlar\u0131 ve onun ayr\u0131lmaz bir par\u00e7as\u0131 olan Gizlilik Politikas\u0131, Web Sitesi\u2019ne eri\u015fiminiz \u00fczerine y\u00fcr\u00fcrl\u00fc\u011fe girecektir.<\/p>\n<h4>Madde 6. Uyu\u015fmazl\u0131klar\u0131n \u00c7\u00f6z\u00fcm\u00fc<\/h4>\n<p>1. Bu Kullan\u0131m \u015eartlar\u0131 ile ilgili do\u011fabilecek ihtilaflarda \u00f6ncelikle burada belirtilen h\u00fck\u00fcmler, uygun h\u00fck\u00fcm bulunamam\u0131\u015fsa T\u00fcrkiye Cumhuriyeti kanunlar\u0131 uygulanacakt\u0131r. Bu \u015fartlar\u0131n uygulanmas\u0131ndan do\u011facak t\u00fcm ihtilaflarda \u0130stanbul Merkez (\u00c7a\u011flayan) Mahkemeleri ve \u0130stanbul \u0130cra Daireleri yetkili olacakt\u0131r.<\/p>\n            <\/div>        \n            <div class=\"term-of-use-blur-right\">\n                <picture>\n                    <img src=\"https:\/\/keepmeintouch.io\/wp-content\/uploads\/2023\/01\/term-of-use-blur-right.png\" alt=\"Term of Use Blur Right\">\n                <\/picture>\n            <\/div>\n        <\/div>\n","protected":false},"excerpt":{"rendered":"<p>Kullan\u0131m \u015eartlar\u0131 Bu Kullan\u0131m \u015eartlar\u0131, INTOUCH\u2019a ait olan keepmeintouch.io (&#8216;Web Sitesi&#8217;) Web Sitesi\u2019nin kullan\u0131m\u0131 i\u00e7in ge\u00e7erlidir. Bu Kullan\u0131m \u015eartlar\u0131, Gizlilik Politikas\u0131 ile birlikte yasal olarak ba\u011flay\u0131c\u0131 olup, intouch ile ili\u015fkinizi y\u00f6netecektir. Web Sitesi\u2019ne eri\u015fiminiz ve \/ veya kullan\u0131m\u0131n\u0131z \u00fczerine burada belirtilen h\u00fck\u00fcm ve ko\u015fullar\u0131 kabul etmi\u015f say\u0131lacaks\u0131n\u0131z. Bu Kullan\u0131m \u015eartlar\u0131\u2019n\u0131 kabul etmiyorsan\u0131z Web Sitesi\u2019ne eri\u015fmeyin [&hellip;]<\/p>\n","protected":false},"author":2,"featured_media":0,"parent":0,"menu_order":0,"comment_status":"closed","ping_status":"closed","template":"","meta":{"inline_featured_image":false,"footnotes":""},"class_list":["post-1589","page","type-page","status-publish","hentry"],"_links":{"self":[{"href":"https:\/\/keepmeintouch.io\/tr\/wp-json\/wp\/v2\/pages\/1589","targetHints":{"allow":["GET"]}}],"collection":[{"href":"https:\/\/keepmeintouch.io\/tr\/wp-json\/wp\/v2\/pages"}],"about":[{"href":"https:\/\/keepmeintouch.io\/tr\/wp-json\/wp\/v2\/types\/page"}],"author":[{"embeddable":true,"href":"https:\/\/keepmeintouch.io\/tr\/wp-json\/wp\/v2\/users\/2"}],"replies":[{"embeddable":true,"href":"https:\/\/keepmeintouch.io\/tr\/wp-json\/wp\/v2\/comments?post=1589"}],"version-history":[{"count":10,"href":"https:\/\/keepmeintouch.io\/tr\/wp-json\/wp\/v2\/pages\/1589\/revisions"}],"predecessor-version":[{"id":3022,"href":"https:\/\/keepmeintouch.io\/tr\/wp-json\/wp\/v2\/pages\/1589\/revisions\/3022"}],"wp:attachment":[{"href":"https:\/\/keepmeintouch.io\/tr\/wp-json\/wp\/v2\/media?parent=1589"}],"curies":[{"name":"wp","href":"https:\/\/api.w.org\/{rel}","templated":true}]}}