{"id":1443,"date":"2023-01-04T17:03:23","date_gmt":"2023-01-04T14:03:23","guid":{"rendered":"https:\/\/keepmeintouch.io\/?page_id=1443"},"modified":"2023-02-24T02:33:14","modified_gmt":"2023-02-23T23:33:14","slug":"demo-talep-et","status":"publish","type":"page","link":"https:\/\/keepmeintouch.io\/tr\/demo-talep-et\/","title":{"rendered":"Demo Talep Et"},"content":{"rendered":"\n<div class=\"request-a-demo-page\">\n            <div class=\"request-a-demo-page-circle-1\">\n                <picture>\n                    <img src=\"https:\/\/keepmeintouch.io\/wp-content\/uploads\/2023\/01\/request-a-demo-circle.png\" alt=\"Request A Demo Circle 1\">\n                <\/picture>\n            <\/div>\n            <div class=\"request-a-demo-page-blur\">\n                <picture>\n                    <img src=\"https:\/\/keepmeintouch.io\/wp-content\/uploads\/2023\/01\/request-a-demo-blur.png\" alt=\"Request A Demo Blur\">\n                <\/picture>\n            <\/div>\n            <div class=\"container\">\n            \n    <section class=\"main-form\" data-aos=\"fade-right\">\n        <div class=\"container\">\n            <div class=\"main-form-before\" style=\"display: none\">\n                <small>INTOUCH ENGAGEMENT<\/small>\n                <h4>Empower your community with<br> customized solutions.<\/h4>\n                <p>With the ability to customize your package according to your preference, you can choose the best fit for your organization&#8217;s needs. Whether you go with our standard package or create a tailored solution, our app offers flexibility and interactivity to your community.  \n\n                <\/p>\n                \n    \n        <button class=\"button js-button-change-form button--secondary--dot button--icon button--secondary\"> <i class=\"icon-long-arrow\"><\/i>Demo Talep Et<\/button>\n    \n\n            <\/div>\n            <div class=\"main-form-after active \">\n                <div class=\"main-form-text\">\n                    <small>INTOUCH<\/small>\n                    <h4>\u00dcCRETS\u0130Z demo talep edin!<\/h4>\n                    <p>Formu doldurun ve Intouch&#8217;\u0131n kurumunuzun ihtiya\u00e7lar\u0131na \u00f6zel \u00e7\u00f6z\u00fcmlerini \u00fccretsiz demo toplant\u0131s\u0131nda hemen ke\u015ffedin.<\/p>\n                <\/div>\n                <div>\n                    <script charset=\"utf-8\" type=\"text\/javascript\" src=\"\/\/js.hsforms.net\/forms\/embed\/v2.js\"><\/script>\n<script>\n  hbspt.forms.create({\n    region: \"na1\",\n    portalId: \"9145298\",\n    formId: \"1afa0a9b-9d31-4614-99eb-433eb0ea1a51\"\n  });\n<\/script>\n                <\/div>\n            <\/div> \n        <\/div>\n        <picture class=\"d-block d-lg-none main-form-mobile-blur\">\n            <img src=\"https:\/\/keepmeintouch.io\/wp-content\/uploads\/2023\/01\/main-form-mobile-1.png\" alt=\"Main Form Mobile Blur\">\n        <\/picture>\n    <\/section>\n\n            <\/div>       \n            <div class=\"request-a-demo-page-circle-2\">\n                <picture>\n                    <img src=\"https:\/\/keepmeintouch.io\/wp-content\/uploads\/2023\/01\/page-404-circle-2.png\" alt=\"Request A Demo Circle 1\">\n                <\/picture>\n            <\/div>\n        <\/div>\n","protected":false},"excerpt":{"rendered":"<p>INTOUCH ENGAGEMENT Empower your community with customized solutions. With the ability to customize your package according to your preference, you can choose the best fit for your organization&#8217;s needs. Whether you go with our standard package or create a tailored solution, our app offers flexibility and interactivity to your community. Demo Talep Et INTOUCH \u00dcCRETS\u0130Z [&hellip;]<\/p>\n","protected":false},"author":2,"featured_media":0,"parent":0,"menu_order":0,"comment_status":"closed","ping_status":"closed","template":"","meta":{"inline_featured_image":false,"footnotes":""},"class_list":["post-1443","page","type-page","status-publish","hentry"],"_links":{"self":[{"href":"https:\/\/keepmeintouch.io\/tr\/wp-json\/wp\/v2\/pages\/1443","targetHints":{"allow":["GET"]}}],"collection":[{"href":"https:\/\/keepmeintouch.io\/tr\/wp-json\/wp\/v2\/pages"}],"about":[{"href":"https:\/\/keepmeintouch.io\/tr\/wp-json\/wp\/v2\/types\/page"}],"author":[{"embeddable":true,"href":"https:\/\/keepmeintouch.io\/tr\/wp-json\/wp\/v2\/users\/2"}],"replies":[{"embeddable":true,"href":"https:\/\/keepmeintouch.io\/tr\/wp-json\/wp\/v2\/comments?post=1443"}],"version-history":[{"count":4,"href":"https:\/\/keepmeintouch.io\/tr\/wp-json\/wp\/v2\/pages\/1443\/revisions"}],"predecessor-version":[{"id":2776,"href":"https:\/\/keepmeintouch.io\/tr\/wp-json\/wp\/v2\/pages\/1443\/revisions\/2776"}],"wp:attachment":[{"href":"https:\/\/keepmeintouch.io\/tr\/wp-json\/wp\/v2\/media?parent=1443"}],"curies":[{"name":"wp","href":"https:\/\/api.w.org\/{rel}","templated":true}]}}