{"id":1441,"date":"2023-01-04T17:29:12","date_gmt":"2023-01-04T14:29:12","guid":{"rendered":"https:\/\/keepmeintouch.io\/?page_id=1441"},"modified":"2023-03-21T15:28:18","modified_gmt":"2023-03-21T12:28:18","slug":"tesekkurler","status":"publish","type":"page","link":"https:\/\/keepmeintouch.io\/tr\/tesekkurler\/","title":{"rendered":"Te\u015fekk\u00fcrler"},"content":{"rendered":"\n<section class=\"demo-page\">\n            <div class=\"demo-page-blur\">\n                <picture>\n                    <img src=\"https:\/\/keepmeintouch.io\/wp-content\/uploads\/2023\/01\/demo-page-blur.png\" alt=\"Request A Demo Blur\">\n                <\/picture>\n            <\/div>\n            <div class=\"container\">\n                <div class=\"row\">                    \n                    <div class=\"section-head\">\n                        <small style=\"font-weight: 600!important\">\u00dccretsiz demonuz yolda! \ud83d\ude4c<\/small>\n                        <h4>Bize ula\u015ft\u0131\u011f\u0131n\u0131z i\u00e7in te\u015fekk\u00fcr ederiz!<\/h4>\n                        <p>Topluluk uzman\u0131m\u0131z, talebinizle ilgili olarak k\u0131sa s\u00fcre i\u00e7inde sizinle ileti\u015fime ge\u00e7ecektir. Ancak dilerseniz, buradaki takvimi kullanarak g\u00f6r\u00fc\u015fmeyi kendiniz planlayabilirsiniz.<\/p>\n                    <\/div>\n                <\/div>\n                <div class=\"row\">\n                    <div class=\"col-md-12\">\n                        \n<!-- Start of Meetings Embed Script --><div class=\"meetings-iframe-container\" data-src=\"https:\/\/meetings.hubspot.com\/kubra-yarimkol\/tr-thank-you-page-kubra?embed=true\"><\/div><script type=\"text\/javascript\" src=\"https:\/\/static.hsappstatic.net\/MeetingsEmbed\/ex\/MeetingsEmbedCode.js\"><\/script><!-- End of Meetings Embed Script -->\n            \n                    <\/div>\n                <\/div>\n            <\/div>\n        <\/section>\n\n\n<section class=\"blog\" data-aos=\"fade-left\">\n    <div class=\"container\">\n        <div class=\"section-head\">\n            <picture class=\"blog-blur\">\n                <img src=\"https:\/\/keepmeintouch.io\/wp-content\/themes\/intouch\/assets\/images\/common\/inner-page-blog-blur.png\" alt=\"Blog Blur\" loading=\"lazy\" \/>\n            <\/picture>\n            <small>BLOG &amp; \u0130\u00c7G\u00d6R\u00dcLER<\/small>\n            <h4>En g\u00fcncel ileti\u015fim ve etkile\u015fim <br>trendlerinden haberdar olun<\/h4>\n            <p>Blog, e-kitap ve g\u00fcncellemelerimizden \u00e7al\u0131\u015fan ba\u011fl\u0131l\u0131\u011f\u0131, <br>taraftar etkile\u015fimi ve topluluk y\u00f6netimi ile ilgili en son i\u00e7g\u00f6r\u00fcleri edinin.<\/p>\n        <\/div>\n        <div class=\"blogs d-none d-lg-grid\" data-aos=\"fade-right\">\n\t\t\t\t\t\t\t<div class=\"blog-item\" data-aos=\"fade-right\">\n                    <a href=\"https:\/\/keepmeintouch.io\/tr\/uzaktan-etkilesim-nasil-calisan-refahini-tesvik-edebilir\/\" class=\"blog-item--image\">\n                        <picture>\n                            <img src=\"https:\/\/keepmeintouch.io\/wp-content\/uploads\/2023\/02\/blog-how-remote-engagement-can-foster-employee-wellbeing-1.jpg\" alt=\"blog-1.png\" loading=\"lazy\" \/>\n                        <\/picture>\n                    <\/a>\n                    <div class=\"blog-item--features\">\n\t\t\t\t\t\t<a href=\"https:\/\/keepmeintouch.io\/tr\/uzaktan-etkilesim-nasil-calisan-refahini-tesvik-edebilir\/\">Uzaktan Etkile\u015fim Nas\u0131l \u00c7al\u0131\u015fan Refah\u0131n\u0131 Te\u015fvik Edebilir?<\/a>\n\t\t\t\t\t\t<a href=\"https:\/\/keepmeintouch.io\/tr\/uzaktan-etkilesim-nasil-calisan-refahini-tesvik-edebilir\/\" class=\"blog-item--description\">\n                            \u00c7al\u0131\u015fan refah\u0131, \u00e7al\u0131\u015fanlar\u0131n fiziksel, duygusal ve zihinsel sa\u011fl\u0131\u011f\u0131na at\u0131fta bulunan bir terimdir. \u00c7al\u0131\u015fan\u0131n genel iyi olu\u015funu sa\u011flayan bir dizi fakt\u00f6r\u00fc kapsar. Bu fakt\u00f6rler aras\u0131nda fiziksel sa\u011fl\u0131k, zihinsel sa\u011fl\u0131k ve duygusal refah yer al\u0131r. \u00c7al\u0131\u015fanlar\u0131n refah\u0131n\u0131 kapsaml\u0131 bir \u015fekilde anlamak i\u00e7in t\u00fcm bu fakt\u00f6rlerin dikkate al\u0131nmas\u0131 \u00f6nemlidir. Forbes&#8216;a g\u00f6re, Gelece\u011fin \u0130\u015f Yeri 2021 \u0130K Duygu Anketi, [&hellip;]                        <\/a>\n                    <\/div>\n                <\/div>\n\t\t\t\t\t\t\t<div class=\"blog-item\" data-aos=\"fade-right\">\n                    <a href=\"https:\/\/keepmeintouch.io\/tr\/uzaktan-ekiplerde-daha-iyi-iletisim-icin-7-ipuclari\/\" class=\"blog-item--image\">\n                        <picture>\n                            <img src=\"https:\/\/keepmeintouch.io\/wp-content\/uploads\/2023\/02\/blog-7-tips-for-better-communication-at-remote-teams-1.jpg\" alt=\"blog-1.png\" loading=\"lazy\" \/>\n                        <\/picture>\n                    <\/a>\n                    <div class=\"blog-item--features\">\n\t\t\t\t\t\t<a href=\"https:\/\/keepmeintouch.io\/tr\/uzaktan-ekiplerde-daha-iyi-iletisim-icin-7-ipuclari\/\">Uzaktan Ekiplerde Daha \u0130yi \u0130leti\u015fim \u0130\u00e7in 7 \u0130pu\u00e7lar\u0131<\/a>\n\t\t\t\t\t\t<a href=\"https:\/\/keepmeintouch.io\/tr\/uzaktan-ekiplerde-daha-iyi-iletisim-icin-7-ipuclari\/\" class=\"blog-item--description\">\n                            Uzaktan \u00e7al\u0131\u015fma son y\u0131llarda pop\u00fcler hale geldi. \u015eirketler, para tasarrufu yapmak, daha esnek olmak ve daha fazla insan\u0131 i\u015fe almak i\u00e7in uzaktan \u00e7al\u0131\u015f\u0131yorlar. Ancak ekipler uzakla\u015ft\u0131k\u00e7a, kar\u015f\u0131la\u015f\u0131lan en b\u00fcy\u00fck zorluklardan biri etkili ileti\u015fim kurman\u0131n nas\u0131l olaca\u011f\u0131d\u0131r. Sonu\u00e7ta, iyi ileti\u015fim, uzaktan veya ba\u015fka t\u00fcrl\u00fc herhangi bir ekibin ba\u015far\u0131s\u0131 i\u00e7in \u00f6nemlidir. Bu yaz\u0131da, uzaktan ekiplerde ileti\u015fim zorluklar\u0131ndan [&hellip;]                        <\/a>\n                    <\/div>\n                <\/div>\n\t\t\t\t\t\t\t<div class=\"blog-item\" data-aos=\"fade-right\">\n                    <a href=\"https:\/\/keepmeintouch.io\/tr\/uzaktan-calisma-sirasinda-calisanlar-nasil-bagli-kalir\/\" class=\"blog-item--image\">\n                        <picture>\n                            <img src=\"https:\/\/keepmeintouch.io\/wp-content\/uploads\/2023\/02\/blog-keeping-employees-engaged-during-remote-work-1.jpg\" alt=\"blog-1.png\" loading=\"lazy\" \/>\n                        <\/picture>\n                    <\/a>\n                    <div class=\"blog-item--features\">\n\t\t\t\t\t\t<a href=\"https:\/\/keepmeintouch.io\/tr\/uzaktan-calisma-sirasinda-calisanlar-nasil-bagli-kalir\/\">Uzaktan \u00c7al\u0131\u015fma S\u0131ras\u0131nda \u00c7al\u0131\u015fanlar Nas\u0131l Ba\u011fl\u0131 Kal\u0131r?<\/a>\n\t\t\t\t\t\t<a href=\"https:\/\/keepmeintouch.io\/tr\/uzaktan-calisma-sirasinda-calisanlar-nasil-bagli-kalir\/\" class=\"blog-item--description\">\n                            COVID-19 pandemisi d\u00fcnya genelinde yay\u0131l\u0131rken, daha fazla i\u015fletme \u00e7al\u0131\u015fanlar\u0131n\u0131 g\u00fcvende tutmak i\u00e7in uzaktan \u00e7al\u0131\u015fmaya d\u00f6n\u00fcyor. Uzaktan ekiplerin kar\u015f\u0131la\u015ft\u0131\u011f\u0131 en b\u00fcy\u00fck zorluklardan biri, uzaktan \u00e7al\u0131\u015fma s\u0131ras\u0131nda \u00e7al\u0131\u015fanlar\u0131 nas\u0131l ba\u011fl\u0131 tutacaklar\u0131n\u0131 bulmakt\u0131r. Buffer&#8217;a g\u00f6re, uzaktan ekipler i\u00e7in en zorlu zorluklardan biri \u00e7al\u0131\u015fanlar\u0131n ba\u011fl\u0131l\u0131\u011f\u0131d\u0131r. Ara\u015ft\u0131rmaya g\u00f6re, uzaktan \u00e7al\u0131\u015fanlar, meslekta\u015flar\u0131ndan daha fazla yaln\u0131z ve kopuk hissetme e\u011filimindedir, bu da [&hellip;]                        <\/a>\n                    <\/div>\n                <\/div>\n\t\t\t\t\t\t\t<div class=\"blog-item\" data-aos=\"fade-right\">\n                    <a href=\"https:\/\/keepmeintouch.io\/tr\/calisanlarin-bagliligi-buyumeyi-nasil-etkiler\/\" class=\"blog-item--image\">\n                        <picture>\n                            <img src=\"https:\/\/keepmeintouch.io\/wp-content\/uploads\/2023\/02\/blog-how-employee-engagement-drives-growth-1.jpg\" alt=\"blog-1.png\" loading=\"lazy\" \/>\n                        <\/picture>\n                    <\/a>\n                    <div class=\"blog-item--features\">\n\t\t\t\t\t\t<a href=\"https:\/\/keepmeintouch.io\/tr\/calisanlarin-bagliligi-buyumeyi-nasil-etkiler\/\">\u00c7al\u0131\u015fanlar\u0131n Ba\u011fl\u0131l\u0131\u011f\u0131 B\u00fcy\u00fcmeyi Nas\u0131l Etkiler?<\/a>\n\t\t\t\t\t\t<a href=\"https:\/\/keepmeintouch.io\/tr\/calisanlarin-bagliligi-buyumeyi-nasil-etkiler\/\" class=\"blog-item--description\">\n                            \u00c7al\u0131\u015fan ba\u011fl\u0131l\u0131\u011f\u0131 ba\u015far\u0131l\u0131 bir i\u015fletmenin kritik bir bile\u015fenidir. \u00c7al\u0131\u015fanlar\u0131n i\u015flerine ve i\u015fyerlerine duygusal ve psikolojik olarak ba\u011flanmalar\u0131n\u0131 ifade eder. Ara\u015ft\u0131rmalar, \u00e7al\u0131\u015fan ba\u011fl\u0131l\u0131\u011f\u0131 seviyesi y\u00fcksek olan \u015firketlerin daha iyi i\u015f performans\u0131 ve artan b\u00fcy\u00fcme deneyimledi\u011fini g\u00f6stermektedir. \u00c7al\u0131\u015fan ba\u011fl\u0131l\u0131\u011f\u0131 sadece \u00e7al\u0131\u015fanlar\u0131n moral ve verimlili\u011fi \u00fczerinde de\u011fil, ayn\u0131 zamanda \u015firketin genel ba\u015far\u0131s\u0131 ve b\u00fcy\u00fcmesi \u00fczerinde de etkilidir. Bu [&hellip;]                        <\/a>\n                    <\/div>\n                <\/div>\n\t\t\t\t\t\t\t<div class=\"blog-item\" data-aos=\"fade-right\">\n                    <a href=\"https:\/\/keepmeintouch.io\/tr\/calisan-takdiri-calisan-bagliligini-nasil-etkiler\/\" class=\"blog-item--image\">\n                        <picture>\n                            <img src=\"https:\/\/keepmeintouch.io\/wp-content\/uploads\/2023\/02\/blog-how-does-recognition-impact-employee-engagement-1.jpg\" alt=\"blog-1.png\" loading=\"lazy\" \/>\n                        <\/picture>\n                    <\/a>\n                    <div class=\"blog-item--features\">\n\t\t\t\t\t\t<a href=\"https:\/\/keepmeintouch.io\/tr\/calisan-takdiri-calisan-bagliligini-nasil-etkiler\/\">\u00c7al\u0131\u015fan Takdiri \u00c7al\u0131\u015fan Ba\u011fl\u0131l\u0131\u011f\u0131n\u0131 Nas\u0131l Etkiler?<\/a>\n\t\t\t\t\t\t<a href=\"https:\/\/keepmeintouch.io\/tr\/calisan-takdiri-calisan-bagliligini-nasil-etkiler\/\" class=\"blog-item--description\">\n                            \u00c7al\u0131\u015fan takdiri ve \u00e7al\u0131\u015fan ba\u011fl\u0131l\u0131\u011f\u0131, ba\u015far\u0131l\u0131 ve geli\u015fmekte olan bir i\u015fyerinin iki temel bile\u015fenidir. Olumlu bir i\u015f ortam\u0131, artan i\u015f tatmini, daha y\u00fcksek motivasyon seviyeleri ve genel performansta iyile\u015fme sa\u011flayabilir. Bu blog yaz\u0131s\u0131nda, \u00e7al\u0131\u015fan takdiri ve \u00e7al\u0131\u015fan ba\u011fl\u0131l\u0131\u011f\u0131 aras\u0131ndaki ili\u015fkiyi ke\u015ffederek nas\u0131l bir ili\u015fki oldu\u011funu \u00f6\u011frenece\u011fiz. Ayr\u0131ca, kurumlar\u0131n bu ili\u015fkiyi i\u015fyerlerini geli\u015ftirmek i\u00e7in nas\u0131l kullanabileceklerini [&hellip;]                        <\/a>\n                    <\/div>\n                <\/div>\n\t\t\t        <\/div>\n        <div class=\"blogs d-block d-lg-none\" data-aos=\"fade-right\">\n            <div class=\"swiper swiper-blogs\">\n                <div class=\"swiper-wrapper\">\n                    \n\t\t\t\t\t\t\t\t\t\t\t<div class=\"swiper-slide\">\n\n                            <div class=\"blog-item\" data-aos=\"fade-right\">\n                                <a href=\"https:\/\/keepmeintouch.io\/tr\/uzaktan-etkilesim-nasil-calisan-refahini-tesvik-edebilir\/\" class=\"blog-item--image\">\n                                    <picture>\n                                        <img src=\"https:\/\/keepmeintouch.io\/wp-content\/uploads\/2023\/02\/blog-how-remote-engagement-can-foster-employee-wellbeing-1.jpg\" alt=\"blog-1.png\" loading=\"lazy\" \/>\n                                    <\/picture>\n                                <\/a>\n                                <div class=\"blog-item--features\">\n                                    <a href=\"https:\/\/keepmeintouch.io\/tr\/uzaktan-etkilesim-nasil-calisan-refahini-tesvik-edebilir\/\">Uzaktan Etkile\u015fim Nas\u0131l \u00c7al\u0131\u015fan Refah\u0131n\u0131 Te\u015fvik Edebilir?<\/a>\n\t\t\t\t\t\t\t\t\t<a href=\"https:\/\/keepmeintouch.io\/tr\/uzaktan-etkilesim-nasil-calisan-refahini-tesvik-edebilir\/\" class=\"blog-item--description\">\n\t\t\t\t\t\t\t\t\t\t\u00c7al\u0131\u015fan refah\u0131, \u00e7al\u0131\u015fanlar\u0131n fiziksel, duygusal ve zihinsel sa\u011fl\u0131\u011f\u0131na at\u0131fta bulunan bir terimdir. \u00c7al\u0131\u015fan\u0131n genel iyi olu\u015funu sa\u011flayan bir dizi fakt\u00f6r\u00fc kapsar. Bu fakt\u00f6rler aras\u0131nda fiziksel sa\u011fl\u0131k, zihinsel sa\u011fl\u0131k ve duygusal refah yer al\u0131r. \u00c7al\u0131\u015fanlar\u0131n refah\u0131n\u0131 kapsaml\u0131 bir \u015fekilde anlamak i\u00e7in t\u00fcm bu fakt\u00f6rlerin dikkate al\u0131nmas\u0131 \u00f6nemlidir. Forbes&#8216;a g\u00f6re, Gelece\u011fin \u0130\u015f Yeri 2021 \u0130K Duygu Anketi, [&hellip;]\t\t\t\t\t\t\t\t\t<\/a>\n                                <\/div>\n                            <\/div>\n\n                        <\/div>\n\t\t\t\t\t\t\t\n\t\t\t\t\t\t\t\t\t\t\t<div class=\"swiper-slide\">\n\n                            <div class=\"blog-item\" data-aos=\"fade-right\">\n                                <a href=\"https:\/\/keepmeintouch.io\/tr\/uzaktan-ekiplerde-daha-iyi-iletisim-icin-7-ipuclari\/\" class=\"blog-item--image\">\n                                    <picture>\n                                        <img src=\"https:\/\/keepmeintouch.io\/wp-content\/uploads\/2023\/02\/blog-7-tips-for-better-communication-at-remote-teams-1.jpg\" alt=\"blog-1.png\" loading=\"lazy\" \/>\n                                    <\/picture>\n                                <\/a>\n                                <div class=\"blog-item--features\">\n                                    <a href=\"https:\/\/keepmeintouch.io\/tr\/uzaktan-ekiplerde-daha-iyi-iletisim-icin-7-ipuclari\/\">Uzaktan Ekiplerde Daha \u0130yi \u0130leti\u015fim \u0130\u00e7in 7 \u0130pu\u00e7lar\u0131<\/a>\n\t\t\t\t\t\t\t\t\t<a href=\"https:\/\/keepmeintouch.io\/tr\/uzaktan-ekiplerde-daha-iyi-iletisim-icin-7-ipuclari\/\" class=\"blog-item--description\">\n\t\t\t\t\t\t\t\t\t\tUzaktan \u00e7al\u0131\u015fma son y\u0131llarda pop\u00fcler hale geldi. \u015eirketler, para tasarrufu yapmak, daha esnek olmak ve daha fazla insan\u0131 i\u015fe almak i\u00e7in uzaktan \u00e7al\u0131\u015f\u0131yorlar. Ancak ekipler uzakla\u015ft\u0131k\u00e7a, kar\u015f\u0131la\u015f\u0131lan en b\u00fcy\u00fck zorluklardan biri etkili ileti\u015fim kurman\u0131n nas\u0131l olaca\u011f\u0131d\u0131r. Sonu\u00e7ta, iyi ileti\u015fim, uzaktan veya ba\u015fka t\u00fcrl\u00fc herhangi bir ekibin ba\u015far\u0131s\u0131 i\u00e7in \u00f6nemlidir. Bu yaz\u0131da, uzaktan ekiplerde ileti\u015fim zorluklar\u0131ndan [&hellip;]\t\t\t\t\t\t\t\t\t<\/a>\n                                <\/div>\n                            <\/div>\n\n                        <\/div>\n\t\t\t\t\t\t\t\n\t\t\t\t\t\t\t\t\t\t\t<div class=\"swiper-slide\">\n\n                            <div class=\"blog-item\" data-aos=\"fade-right\">\n                                <a href=\"https:\/\/keepmeintouch.io\/tr\/uzaktan-calisma-sirasinda-calisanlar-nasil-bagli-kalir\/\" class=\"blog-item--image\">\n                                    <picture>\n                                        <img src=\"https:\/\/keepmeintouch.io\/wp-content\/uploads\/2023\/02\/blog-keeping-employees-engaged-during-remote-work-1.jpg\" alt=\"blog-1.png\" loading=\"lazy\" \/>\n                                    <\/picture>\n                                <\/a>\n                                <div class=\"blog-item--features\">\n                                    <a href=\"https:\/\/keepmeintouch.io\/tr\/uzaktan-calisma-sirasinda-calisanlar-nasil-bagli-kalir\/\">Uzaktan \u00c7al\u0131\u015fma S\u0131ras\u0131nda \u00c7al\u0131\u015fanlar Nas\u0131l Ba\u011fl\u0131 Kal\u0131r?<\/a>\n\t\t\t\t\t\t\t\t\t<a href=\"https:\/\/keepmeintouch.io\/tr\/uzaktan-calisma-sirasinda-calisanlar-nasil-bagli-kalir\/\" class=\"blog-item--description\">\n\t\t\t\t\t\t\t\t\t\tCOVID-19 pandemisi d\u00fcnya genelinde yay\u0131l\u0131rken, daha fazla i\u015fletme \u00e7al\u0131\u015fanlar\u0131n\u0131 g\u00fcvende tutmak i\u00e7in uzaktan \u00e7al\u0131\u015fmaya d\u00f6n\u00fcyor. Uzaktan ekiplerin kar\u015f\u0131la\u015ft\u0131\u011f\u0131 en b\u00fcy\u00fck zorluklardan biri, uzaktan \u00e7al\u0131\u015fma s\u0131ras\u0131nda \u00e7al\u0131\u015fanlar\u0131 nas\u0131l ba\u011fl\u0131 tutacaklar\u0131n\u0131 bulmakt\u0131r. Buffer&#8217;a g\u00f6re, uzaktan ekipler i\u00e7in en zorlu zorluklardan biri \u00e7al\u0131\u015fanlar\u0131n ba\u011fl\u0131l\u0131\u011f\u0131d\u0131r. Ara\u015ft\u0131rmaya g\u00f6re, uzaktan \u00e7al\u0131\u015fanlar, meslekta\u015flar\u0131ndan daha fazla yaln\u0131z ve kopuk hissetme e\u011filimindedir, bu da [&hellip;]\t\t\t\t\t\t\t\t\t<\/a>\n                                <\/div>\n                            <\/div>\n\n                        <\/div>\n\t\t\t\t\t\t\t\n\t\t\t\t\t\t\t\t\t\t\t<div class=\"swiper-slide\">\n\n                            <div class=\"blog-item\" data-aos=\"fade-right\">\n                                <a href=\"https:\/\/keepmeintouch.io\/tr\/calisanlarin-bagliligi-buyumeyi-nasil-etkiler\/\" class=\"blog-item--image\">\n                                    <picture>\n                                        <img src=\"https:\/\/keepmeintouch.io\/wp-content\/uploads\/2023\/02\/blog-how-employee-engagement-drives-growth-1.jpg\" alt=\"blog-1.png\" loading=\"lazy\" \/>\n                                    <\/picture>\n                                <\/a>\n                                <div class=\"blog-item--features\">\n                                    <a href=\"https:\/\/keepmeintouch.io\/tr\/calisanlarin-bagliligi-buyumeyi-nasil-etkiler\/\">\u00c7al\u0131\u015fanlar\u0131n Ba\u011fl\u0131l\u0131\u011f\u0131 B\u00fcy\u00fcmeyi Nas\u0131l Etkiler?<\/a>\n\t\t\t\t\t\t\t\t\t<a href=\"https:\/\/keepmeintouch.io\/tr\/calisanlarin-bagliligi-buyumeyi-nasil-etkiler\/\" class=\"blog-item--description\">\n\t\t\t\t\t\t\t\t\t\t\u00c7al\u0131\u015fan ba\u011fl\u0131l\u0131\u011f\u0131 ba\u015far\u0131l\u0131 bir i\u015fletmenin kritik bir bile\u015fenidir. \u00c7al\u0131\u015fanlar\u0131n i\u015flerine ve i\u015fyerlerine duygusal ve psikolojik olarak ba\u011flanmalar\u0131n\u0131 ifade eder. Ara\u015ft\u0131rmalar, \u00e7al\u0131\u015fan ba\u011fl\u0131l\u0131\u011f\u0131 seviyesi y\u00fcksek olan \u015firketlerin daha iyi i\u015f performans\u0131 ve artan b\u00fcy\u00fcme deneyimledi\u011fini g\u00f6stermektedir. \u00c7al\u0131\u015fan ba\u011fl\u0131l\u0131\u011f\u0131 sadece \u00e7al\u0131\u015fanlar\u0131n moral ve verimlili\u011fi \u00fczerinde de\u011fil, ayn\u0131 zamanda \u015firketin genel ba\u015far\u0131s\u0131 ve b\u00fcy\u00fcmesi \u00fczerinde de etkilidir. Bu [&hellip;]\t\t\t\t\t\t\t\t\t<\/a>\n                                <\/div>\n                            <\/div>\n\n                        <\/div>\n\t\t\t\t\t\t\t\n\t\t\t\t\t\t\t\t\t\t\t<div class=\"swiper-slide\">\n\n                            <div class=\"blog-item\" data-aos=\"fade-right\">\n                                <a href=\"https:\/\/keepmeintouch.io\/tr\/calisan-takdiri-calisan-bagliligini-nasil-etkiler\/\" class=\"blog-item--image\">\n                                    <picture>\n                                        <img src=\"https:\/\/keepmeintouch.io\/wp-content\/uploads\/2023\/02\/blog-how-does-recognition-impact-employee-engagement-1.jpg\" alt=\"blog-1.png\" loading=\"lazy\" \/>\n                                    <\/picture>\n                                <\/a>\n                                <div class=\"blog-item--features\">\n                                    <a href=\"https:\/\/keepmeintouch.io\/tr\/calisan-takdiri-calisan-bagliligini-nasil-etkiler\/\">\u00c7al\u0131\u015fan Takdiri \u00c7al\u0131\u015fan Ba\u011fl\u0131l\u0131\u011f\u0131n\u0131 Nas\u0131l Etkiler?<\/a>\n\t\t\t\t\t\t\t\t\t<a href=\"https:\/\/keepmeintouch.io\/tr\/calisan-takdiri-calisan-bagliligini-nasil-etkiler\/\" class=\"blog-item--description\">\n\t\t\t\t\t\t\t\t\t\t\u00c7al\u0131\u015fan takdiri ve \u00e7al\u0131\u015fan ba\u011fl\u0131l\u0131\u011f\u0131, ba\u015far\u0131l\u0131 ve geli\u015fmekte olan bir i\u015fyerinin iki temel bile\u015fenidir. Olumlu bir i\u015f ortam\u0131, artan i\u015f tatmini, daha y\u00fcksek motivasyon seviyeleri ve genel performansta iyile\u015fme sa\u011flayabilir. Bu blog yaz\u0131s\u0131nda, \u00e7al\u0131\u015fan takdiri ve \u00e7al\u0131\u015fan ba\u011fl\u0131l\u0131\u011f\u0131 aras\u0131ndaki ili\u015fkiyi ke\u015ffederek nas\u0131l bir ili\u015fki oldu\u011funu \u00f6\u011frenece\u011fiz. Ayr\u0131ca, kurumlar\u0131n bu ili\u015fkiyi i\u015fyerlerini geli\u015ftirmek i\u00e7in nas\u0131l kullanabileceklerini [&hellip;]\t\t\t\t\t\t\t\t\t<\/a>\n                                <\/div>\n                            <\/div>\n\n                        <\/div>\n\t\t\t\t\t\t\t\n\t\t\t\t\t\n                <\/div>\n\n                <div class=\"swiper-pagination d-flex d-lg-none\"><\/div>\n            <\/div>\n        <\/div>\n\n        <div class=\"blog-actions d-flex justify-content-center\" data-aos=\"fade-left\">\n\n\n            <a href=\"https:\/\/keepmeintouch.io\/tr\/kaynaklar\/blog\/\" class=\"button button--icon\"> <i class=\"icon-long-arrow\"><\/i>See All<\/a>\n\n\n        <\/div>\n    <\/div>\n<\/section>","protected":false},"excerpt":{"rendered":"<p>\u00dccretsiz demonuz yolda! \ud83d\ude4c Bize ula\u015ft\u0131\u011f\u0131n\u0131z i\u00e7in te\u015fekk\u00fcr ederiz! Topluluk uzman\u0131m\u0131z, talebinizle ilgili olarak k\u0131sa s\u00fcre i\u00e7inde sizinle ileti\u015fime ge\u00e7ecektir. Ancak dilerseniz, buradaki takvimi kullanarak g\u00f6r\u00fc\u015fmeyi kendiniz planlayabilirsiniz.<\/p>\n","protected":false},"author":2,"featured_media":0,"parent":0,"menu_order":0,"comment_status":"closed","ping_status":"closed","template":"","meta":{"inline_featured_image":false,"footnotes":""},"class_list":["post-1441","page","type-page","status-publish","hentry"],"_links":{"self":[{"href":"https:\/\/keepmeintouch.io\/tr\/wp-json\/wp\/v2\/pages\/1441","targetHints":{"allow":["GET"]}}],"collection":[{"href":"https:\/\/keepmeintouch.io\/tr\/wp-json\/wp\/v2\/pages"}],"about":[{"href":"https:\/\/keepmeintouch.io\/tr\/wp-json\/wp\/v2\/types\/page"}],"author":[{"embeddable":true,"href":"https:\/\/keepmeintouch.io\/tr\/wp-json\/wp\/v2\/users\/2"}],"replies":[{"embeddable":true,"href":"https:\/\/keepmeintouch.io\/tr\/wp-json\/wp\/v2\/comments?post=1441"}],"version-history":[{"count":9,"href":"https:\/\/keepmeintouch.io\/tr\/wp-json\/wp\/v2\/pages\/1441\/revisions"}],"predecessor-version":[{"id":3091,"href":"https:\/\/keepmeintouch.io\/tr\/wp-json\/wp\/v2\/pages\/1441\/revisions\/3091"}],"wp:attachment":[{"href":"https:\/\/keepmeintouch.io\/tr\/wp-json\/wp\/v2\/media?parent=1441"}],"curies":[{"name":"wp","href":"https:\/\/api.w.org\/{rel}","templated":true}]}}