{"id":1329,"date":"2023-01-11T09:47:35","date_gmt":"2023-01-11T06:47:35","guid":{"rendered":"https:\/\/keepmeintouch.io\/?page_id=1329"},"modified":"2023-01-12T15:43:54","modified_gmt":"2023-01-12T12:43:54","slug":"cozumler","status":"publish","type":"page","link":"https:\/\/keepmeintouch.io\/tr\/cozumler\/","title":{"rendered":"\u00c7\u00f6z\u00fcmler"},"content":{"rendered":"","protected":false},"excerpt":{"rendered":"","protected":false},"author":2,"featured_media":0,"parent":0,"menu_order":0,"comment_status":"closed","ping_status":"closed","template":"","meta":{"inline_featured_image":false,"footnotes":""},"class_list":["post-1329","page","type-page","status-publish","hentry"],"_links":{"self":[{"href":"https:\/\/keepmeintouch.io\/tr\/wp-json\/wp\/v2\/pages\/1329","targetHints":{"allow":["GET"]}}],"collection":[{"href":"https:\/\/keepmeintouch.io\/tr\/wp-json\/wp\/v2\/pages"}],"about":[{"href":"https:\/\/keepmeintouch.io\/tr\/wp-json\/wp\/v2\/types\/page"}],"author":[{"embeddable":true,"href":"https:\/\/keepmeintouch.io\/tr\/wp-json\/wp\/v2\/users\/2"}],"replies":[{"embeddable":true,"href":"https:\/\/keepmeintouch.io\/tr\/wp-json\/wp\/v2\/comments?post=1329"}],"version-history":[{"count":2,"href":"https:\/\/keepmeintouch.io\/tr\/wp-json\/wp\/v2\/pages\/1329\/revisions"}],"predecessor-version":[{"id":1331,"href":"https:\/\/keepmeintouch.io\/tr\/wp-json\/wp\/v2\/pages\/1329\/revisions\/1331"}],"wp:attachment":[{"href":"https:\/\/keepmeintouch.io\/tr\/wp-json\/wp\/v2\/media?parent=1329"}],"curies":[{"name":"wp","href":"https:\/\/api.w.org\/{rel}","templated":true}]}}